{"id":1848,"date":"2024-06-05T09:59:47","date_gmt":"2024-06-05T09:59:47","guid":{"rendered":"https:\/\/pathfinder-plus.eu\/?page_id=1848"},"modified":"2026-03-23T10:19:36","modified_gmt":"2026-03-23T10:19:36","slug":"objectives","status":"publish","type":"page","link":"https:\/\/pathfinder-plus.eu\/de\/objectives\/","title":{"rendered":"Zielsetzungen"},"content":{"rendered":"<div data-elementor-type=\"wp-page\" data-elementor-id=\"1848\" class=\"elementor elementor-1848\">\n\t\t\t\t<div class=\"elementor-element elementor-element-4094ee7 e-flex e-con-boxed e-con e-parent\" data-id=\"4094ee7\" data-element_type=\"container\" data-e-type=\"container\" data-settings=\"{&quot;background_background&quot;:&quot;classic&quot;}\">\n\t\t\t\t\t<div class=\"e-con-inner\">\n\t\t<div class=\"elementor-element elementor-element-8695738 e-con-full e-flex e-con e-child\" data-id=\"8695738\" data-element_type=\"container\" data-e-type=\"container\">\n\t\t\t\t<div class=\"elementor-element elementor-element-2646c9c elementor-widget elementor-widget-heading\" data-id=\"2646c9c\" data-element_type=\"widget\" data-e-type=\"widget\" data-widget_type=\"heading.default\">\n\t\t\t\t<div class=\"elementor-widget-container\">\n\t\t\t\t\t<h1 class=\"elementor-heading-title elementor-size-default\">Projektziele<\/h1>\t\t\t\t<\/div>\n\t\t\t\t<\/div>\n\t\t\t\t<\/div>\n\t\t\t\t\t<\/div>\n\t\t\t\t<\/div>\n\t\t<div class=\"elementor-element elementor-element-e90f62c e-flex e-con-boxed e-con e-parent\" data-id=\"e90f62c\" data-element_type=\"container\" data-e-type=\"container\">\n\t\t\t\t\t<div class=\"e-con-inner\">\n\t\t<div class=\"elementor-element elementor-element-b29abee e-con-full e-flex e-con e-child\" data-id=\"b29abee\" data-element_type=\"container\" data-e-type=\"container\">\n\t\t\t\t<div class=\"elementor-element elementor-element-f095111 elementor-widget elementor-widget-heading\" data-id=\"f095111\" data-element_type=\"widget\" data-e-type=\"widget\" data-widget_type=\"heading.default\">\n\t\t\t\t<div class=\"elementor-widget-container\">\n\t\t\t\t\t<h2 class=\"elementor-heading-title elementor-size-default\">Projektziele<\/h2>\t\t\t\t<\/div>\n\t\t\t\t<\/div>\n\t\t\t\t<div class=\"elementor-element elementor-element-5990b83 elementor-widget elementor-widget-text-editor\" data-id=\"5990b83\" data-element_type=\"widget\" data-e-type=\"widget\" data-widget_type=\"text-editor.default\">\n\t\t\t\t<div class=\"elementor-widget-container\">\n\t\t\t\t\t\t\t\t\t<p>Die Ziele der Konzeption eines Projekts als digitales Lernrepositorium in der Hochschulbildung zur Entwicklung von Community-Unternehmen, mit dem Ziel der Entwicklung eines Blended-Learning-Bildungsprogramms sowie zugeh\u00f6riger Lehr- und Lernressourcen f\u00fcr Hochschulen, Akkreditierungsstellen und soziale Unternehmer\/Innovatoren zum innovativen Thema der Entwicklung von Gemeinschaftsunternehmen, sind:<\/p><ul><li>Ziel 1: Bereitstellung eines umfassenden Bildungsangebots, das das Thema der Entwicklung von Gemeinschaftsunternehmen abdeckt, einschlie\u00dflich der Kenntnisse, F\u00e4higkeiten und Kompetenzen, die zur Gr\u00fcndung und Leitung gemeinschaftsgef\u00fchrter und gemeinschaftseigener Unternehmen erforderlich sind.\nMa\u00dfeinheit: \u2022 Identifikation und Reflexion von Best-Practice-Beispielen erfolgreicher Gemeinschaftsunternehmen sowie die Bestimmung ihrer kritischen Erfolgsfaktoren.<\/li><li>Objective 2: To enable learners to empower marginalized groups and disadvantaged locations by providing them with the capacity to create wealth and promote social inclusion, particularly for those who have been less successful in engaging with the dominant neo-liberal and capitalist market system \/ Unit of Measurement: Development and enhancing the knowledge, skillsets and competencies of learners on the concepts of community-led local development and community owned enterprises; and to apply an empowering and consultative framework in encouraging communities to become &#8216;enterprising&#8217;.<\/li><li>Ziel 3: F\u00f6rderung des b\u00fcrgerschaftlichen Engagements durch die St\u00e4rkung gemeinschaftsgef\u00fchrter und gemeinschaftseigener Unternehmen, indem Einzelpersonen ermutigt werden, Verantwortung f\u00fcr ihre lokalen Wirtschaftsr\u00e4ume zu \u00fcbernehmen und gemeinsam nachhaltige L\u00f6sungen f\u00fcr soziale und wirtschaftliche Herausforderungen zu entwickeln.<\/li><li>Ziel 4: Bef\u00e4higung von Hochschulabsolventen und sozialen Innovatoren, marginalisierte Gruppen und benachteiligte Regionen zu st\u00e4rken, indem ihnen die F\u00e4higkeit vermittelt wird, Wohlstand zu schaffen und soziale Inklusion zu f\u00f6rdern \u2013 insbesondere f\u00fcr jene, die im dominierenden neoliberalen und kapitalistischen Marktsystem weniger erfolgreich waren.\nMa\u00dfeinheit: Entwicklung eines Kurslehrplans und der dazugeh\u00f6rigen Lehr- und Lernressourcen mit m\u00f6glichem Schwerpunkt auf: Modellen\/Ans\u00e4tzen von Gemeinschaftsunternehmen; F\u00fchrung, Personalwesen und operativem Management in Gemeinschaftsunternehmen; Governance-\/Rechtsrahmen; sowie Finanzierung.<\/li><\/ul>\t\t\t\t\t\t\t\t<\/div>\n\t\t\t\t<\/div>\n\t\t\t\t<\/div>\n\t\t\t\t\t<\/div>\n\t\t\t\t<\/div>\n\t\t<div class=\"elementor-element elementor-element-9913187 e-flex e-con-boxed e-con e-parent\" data-id=\"9913187\" data-element_type=\"container\" data-e-type=\"container\" data-settings=\"{&quot;background_background&quot;:&quot;classic&quot;}\">\n\t\t\t\t\t<div class=\"e-con-inner\">\n\t\t<div class=\"elementor-element elementor-element-0f074f2 e-con-full e-flex e-con e-child\" data-id=\"0f074f2\" data-element_type=\"container\" data-e-type=\"container\">\n\t\t\t\t<div class=\"elementor-element elementor-element-c2230aa elementor-widget elementor-widget-heading\" data-id=\"c2230aa\" data-element_type=\"widget\" data-e-type=\"widget\" data-widget_type=\"heading.default\">\n\t\t\t\t<div class=\"elementor-widget-container\">\n\t\t\t\t\t<h2 class=\"elementor-heading-title elementor-size-default\">Sprechen Sie mit uns<\/h2>\t\t\t\t<\/div>\n\t\t\t\t<\/div>\n\t\t\t\t<div class=\"elementor-element elementor-element-14b235b elementor-widget elementor-widget-text-editor\" data-id=\"14b235b\" data-element_type=\"widget\" data-e-type=\"widget\" data-widget_type=\"text-editor.default\">\n\t\t\t\t<div class=\"elementor-widget-container\">\n\t\t\t\t\t\t\t\t\t<p>Haben Sie noch Fragen? Wir haben immer ein offenes Ohr, um \u00fcber unser Gesch\u00e4ft, neue Projekte, kreative M\u00f6glichkeiten und dar\u00fcber, wie wir Ihnen helfen k\u00f6nnen, zu sprechen.<\/p>\t\t\t\t\t\t\t\t<\/div>\n\t\t\t\t<\/div>\n\t\t\t\t<div class=\"elementor-element elementor-element-4f55473 elementor-align-center elementor-widget elementor-widget-button\" data-id=\"4f55473\" data-element_type=\"widget\" data-e-type=\"widget\" data-widget_type=\"button.default\">\n\t\t\t\t<div class=\"elementor-widget-container\">\n\t\t\t\t\t\t\t\t\t<div class=\"elementor-button-wrapper\">\n\t\t\t\t\t<a class=\"elementor-button elementor-button-link elementor-size-sm\" href=\"https:\/\/pathfinder-plus.eu\/de\/contact\/\" target=\"_blank\">\n\t\t\t\t\t\t<span class=\"elementor-button-content-wrapper\">\n\t\t\t\t\t\t\t\t\t<span class=\"elementor-button-text\">Kontakt aufnehmen<\/span>\n\t\t\t\t\t<\/span>\n\t\t\t\t\t<\/a>\n\t\t\t\t<\/div>\n\t\t\t\t\t\t\t\t<\/div>\n\t\t\t\t<\/div>\n\t\t\t\t<\/div>\n\t\t\t\t\t<\/div>\n\t\t\t\t<\/div>\n\t\t\t\t<\/div>","protected":false},"excerpt":{"rendered":"<p>Project Objectives Project Objectives The objectives of designing a project as a digital learning repository in HED for Enterprise Community developing, aiming at developing a blended learning educational program and associated teaching\/learning resources for higher education institutions, accrediting agencies, and social entrepreneurs\/innovators on the innovative topic of community enterprise development are: Objective 1: To provide [&hellip;]<\/p>\n","protected":false},"author":2,"featured_media":0,"parent":0,"menu_order":0,"comment_status":"closed","ping_status":"closed","template":"","meta":{"site-sidebar-layout":"no-sidebar","site-content-layout":"page-builder","ast-site-content-layout":"full-width-container","site-content-style":"unboxed","site-sidebar-style":"unboxed","ast-global-header-display":"","ast-banner-title-visibility":"","ast-main-header-display":"","ast-hfb-above-header-display":"","ast-hfb-below-header-display":"","ast-hfb-mobile-header-display":"","site-post-title":"disabled","ast-breadcrumbs-content":"","ast-featured-img":"disabled","footer-sml-layout":"","theme-transparent-header-meta":"enabled","adv-header-id-meta":"","stick-header-meta":"","header-above-stick-meta":"","header-main-stick-meta":"","header-below-stick-meta":"","astra-migrate-meta-layouts":"set","ast-page-background-enabled":"default","ast-page-background-meta":{"desktop":{"background-color":"var(--ast-global-color-4)","background-image":"","background-repeat":"repeat","background-position":"center center","background-size":"auto","background-attachment":"scroll","background-type":"","background-media":"","overlay-type":"","overlay-color":"","overlay-opacity":"","overlay-gradient":""},"tablet":{"background-color":"","background-image":"","background-repeat":"repeat","background-position":"center center","background-size":"auto","background-attachment":"scroll","background-type":"","background-media":"","overlay-type":"","overlay-color":"","overlay-opacity":"","overlay-gradient":""},"mobile":{"background-color":"","background-image":"","background-repeat":"repeat","background-position":"center center","background-size":"auto","background-attachment":"scroll","background-type":"","background-media":"","overlay-type":"","overlay-color":"","overlay-opacity":"","overlay-gradient":""}},"ast-content-background-meta":{"desktop":{"background-color":"var(--ast-global-color-5)","background-image":"","background-repeat":"repeat","background-position":"center center","background-size":"auto","background-attachment":"scroll","background-type":"","background-media":"","overlay-type":"","overlay-color":"","overlay-opacity":"","overlay-gradient":""},"tablet":{"background-color":"var(--ast-global-color-5)","background-image":"","background-repeat":"repeat","background-position":"center center","background-size":"auto","background-attachment":"scroll","background-type":"","background-media":"","overlay-type":"","overlay-color":"","overlay-opacity":"","overlay-gradient":""},"mobile":{"background-color":"var(--ast-global-color-5)","background-image":"","background-repeat":"repeat","background-position":"center center","background-size":"auto","background-attachment":"scroll","background-type":"","background-media":"","overlay-type":"","overlay-color":"","overlay-opacity":"","overlay-gradient":""}},"footnotes":""},"class_list":["post-1848","page","type-page","status-publish","hentry"],"_links":{"self":[{"href":"https:\/\/pathfinder-plus.eu\/de\/wp-json\/wp\/v2\/pages\/1848","targetHints":{"allow":["GET"]}}],"collection":[{"href":"https:\/\/pathfinder-plus.eu\/de\/wp-json\/wp\/v2\/pages"}],"about":[{"href":"https:\/\/pathfinder-plus.eu\/de\/wp-json\/wp\/v2\/types\/page"}],"author":[{"embeddable":true,"href":"https:\/\/pathfinder-plus.eu\/de\/wp-json\/wp\/v2\/users\/2"}],"replies":[{"embeddable":true,"href":"https:\/\/pathfinder-plus.eu\/de\/wp-json\/wp\/v2\/comments?post=1848"}],"version-history":[{"count":34,"href":"https:\/\/pathfinder-plus.eu\/de\/wp-json\/wp\/v2\/pages\/1848\/revisions"}],"predecessor-version":[{"id":5956,"href":"https:\/\/pathfinder-plus.eu\/de\/wp-json\/wp\/v2\/pages\/1848\/revisions\/5956"}],"wp:attachment":[{"href":"https:\/\/pathfinder-plus.eu\/de\/wp-json\/wp\/v2\/media?parent=1848"}],"curies":[{"name":"wp","href":"https:\/\/api.w.org\/{rel}","templated":true}]}}