{"id":1959,"date":"2024-06-11T10:09:57","date_gmt":"2024-06-11T10:09:57","guid":{"rendered":"https:\/\/pathfinder-plus.eu\/?page_id=1959"},"modified":"2026-03-09T12:57:12","modified_gmt":"2026-03-09T12:57:12","slug":"partners","status":"publish","type":"page","link":"https:\/\/pathfinder-plus.eu\/de\/partners\/","title":{"rendered":"Partner"},"content":{"rendered":"<div data-elementor-type=\"wp-page\" data-elementor-id=\"1959\" class=\"elementor elementor-1959\">\n\t\t\t\t<div class=\"elementor-element elementor-element-4094ee7 e-flex e-con-boxed e-con e-parent\" data-id=\"4094ee7\" data-element_type=\"container\" data-e-type=\"container\" data-settings=\"{&quot;background_background&quot;:&quot;classic&quot;}\">\n\t\t\t\t\t<div class=\"e-con-inner\">\n\t\t<div class=\"elementor-element elementor-element-8695738 e-con-full e-flex e-con e-child\" data-id=\"8695738\" data-element_type=\"container\" data-e-type=\"container\">\n\t\t\t\t<div class=\"elementor-element elementor-element-2646c9c elementor-widget elementor-widget-heading\" data-id=\"2646c9c\" data-element_type=\"widget\" data-e-type=\"widget\" data-widget_type=\"heading.default\">\n\t\t\t\t<div class=\"elementor-widget-container\">\n\t\t\t\t\t<h1 class=\"elementor-heading-title elementor-size-default\">Partner<\/h1>\t\t\t\t<\/div>\n\t\t\t\t<\/div>\n\t\t\t\t<\/div>\n\t\t\t\t\t<\/div>\n\t\t\t\t<\/div>\n\t\t<div class=\"elementor-element elementor-element-i9iiuyw e-flex e-con-boxed e-con e-parent\" data-id=\"i9iiuyw\" data-element_type=\"container\" data-e-type=\"container\">\n\t\t\t\t\t<div class=\"e-con-inner\">\n\t\t<div class=\"elementor-element elementor-element-b29abee e-con-full e-flex e-con e-child\" data-id=\"b29abee\" data-element_type=\"container\" data-e-type=\"container\">\n\t\t\t\t<div class=\"elementor-element elementor-element-9ba4c58 elementor-widget elementor-widget-heading\" data-id=\"9ba4c58\" data-element_type=\"widget\" data-e-type=\"widget\" data-widget_type=\"heading.default\">\n\t\t\t\t<div class=\"elementor-widget-container\">\n\t\t\t\t\t<h4 class=\"elementor-heading-title elementor-size-default\">FUNDACION EMPRESA UNIVERSIDAD DE ALICANTE DE LA COMUNIDAD VALENCIANA<\/h4>\t\t\t\t<\/div>\n\t\t\t\t<\/div>\n\t\t\t\t<div class=\"elementor-element elementor-element-5990b83 elementor-widget elementor-widget-text-editor\" data-id=\"5990b83\" data-element_type=\"widget\" data-e-type=\"widget\" data-widget_type=\"text-editor.default\">\n\t\t\t\t<div class=\"elementor-widget-container\">\n\t\t\t\t\t\t\t\t\t<p>Die Enterprise University of Alicante Foundation (FUNDEUN) ist eine spanische gemeinn\u00fctzige Organisation, die seit \u00fcber 33 Jahren die Universit\u00e4t Alicante mit lokalen Unternehmen vernetzt, Dialog, Wissenstransfer, Start-up-Unterst\u00fctzung und berufliche Entwicklung durch ihr multidisziplin\u00e4res Team f\u00f6rdert. Sie arbeitet mit 92 Partnern aus verschiedenen Sektoren zusammen, um die Wettbewerbsf\u00e4higkeit von Unternehmen zu steigern und qualitativ hochwertige Arbeitspl\u00e4tze f\u00fcr Studierende und Absolventen zu schaffen.<\/p>\t\t\t\t\t\t\t\t<\/div>\n\t\t\t\t<\/div>\n\t\t\t\t<\/div>\n\t\t<div class=\"elementor-element elementor-element-0c682a2 e-con-full e-flex e-con e-child\" data-id=\"0c682a2\" data-element_type=\"container\" data-e-type=\"container\">\n\t\t\t\t<div class=\"elementor-element elementor-element-2ec8cea elementor-widget elementor-widget-spacer\" data-id=\"2ec8cea\" data-element_type=\"widget\" data-e-type=\"widget\" data-widget_type=\"spacer.default\">\n\t\t\t\t<div class=\"elementor-widget-container\">\n\t\t\t\t\t\t\t<div class=\"elementor-spacer\">\n\t\t\t<div class=\"elementor-spacer-inner\"><\/div>\n\t\t<\/div>\n\t\t\t\t\t\t<\/div>\n\t\t\t\t<\/div>\n\t\t\t\t<div class=\"elementor-element elementor-element-cc91ee5 elementor-widget elementor-widget-image\" data-id=\"cc91ee5\" data-element_type=\"widget\" data-e-type=\"widget\" data-widget_type=\"image.default\">\n\t\t\t\t<div class=\"elementor-widget-container\">\n\t\t\t\t\t\t\t\t\t\t\t\t\t\t\t\t<a href=\"https:\/\/fundeun.es\/european-project\/proyecto-pathfinder\/\" target=\"_blank\">\n\t\t\t\t\t\t\t<img fetchpriority=\"high\" decoding=\"async\" width=\"2560\" height=\"1082\" src=\"https:\/\/pathfinder-plus.eu\/wp-content\/uploads\/2024\/10\/0-02-05-553c3be0366cd3e3e02579008563b9f561ee7baf06d89bf024e460fb1ff12d51_2657259199e-scaled.jpg\" class=\"attachment-full size-full wp-image-2046\" alt=\"\" srcset=\"https:\/\/pathfinder-plus.eu\/wp-content\/uploads\/2024\/10\/0-02-05-553c3be0366cd3e3e02579008563b9f561ee7baf06d89bf024e460fb1ff12d51_2657259199e-scaled.jpg 2560w, https:\/\/pathfinder-plus.eu\/wp-content\/uploads\/2024\/10\/0-02-05-553c3be0366cd3e3e02579008563b9f561ee7baf06d89bf024e460fb1ff12d51_2657259199e-300x127.jpg 300w, https:\/\/pathfinder-plus.eu\/wp-content\/uploads\/2024\/10\/0-02-05-553c3be0366cd3e3e02579008563b9f561ee7baf06d89bf024e460fb1ff12d51_2657259199e-1024x433.jpg 1024w, https:\/\/pathfinder-plus.eu\/wp-content\/uploads\/2024\/10\/0-02-05-553c3be0366cd3e3e02579008563b9f561ee7baf06d89bf024e460fb1ff12d51_2657259199e-768x324.jpg 768w, https:\/\/pathfinder-plus.eu\/wp-content\/uploads\/2024\/10\/0-02-05-553c3be0366cd3e3e02579008563b9f561ee7baf06d89bf024e460fb1ff12d51_2657259199e-1536x649.jpg 1536w, https:\/\/pathfinder-plus.eu\/wp-content\/uploads\/2024\/10\/0-02-05-553c3be0366cd3e3e02579008563b9f561ee7baf06d89bf024e460fb1ff12d51_2657259199e-2048x865.jpg 2048w, https:\/\/pathfinder-plus.eu\/wp-content\/uploads\/2024\/10\/0-02-05-553c3be0366cd3e3e02579008563b9f561ee7baf06d89bf024e460fb1ff12d51_2657259199e-18x8.jpg 18w\" sizes=\"(max-width: 2560px) 100vw, 2560px\" \/>\t\t\t\t\t\t\t\t<\/a>\n\t\t\t\t\t\t\t\t\t\t\t\t\t\t\t<\/div>\n\t\t\t\t<\/div>\n\t\t\t\t<\/div>\n\t\t\t\t\t<\/div>\n\t\t\t\t<\/div>\n\t\t<div class=\"elementor-element elementor-element-5fb1b57 e-flex e-con-boxed e-con e-parent\" data-id=\"5fb1b57\" data-element_type=\"container\" data-e-type=\"container\">\n\t\t\t\t\t<div class=\"e-con-inner\">\n\t\t<div class=\"elementor-element elementor-element-62a81d0 e-con-full e-flex e-con e-child\" data-id=\"62a81d0\" data-element_type=\"container\" data-e-type=\"container\">\n\t\t\t\t<div class=\"elementor-element elementor-element-45906ef elementor-widget elementor-widget-heading\" data-id=\"45906ef\" data-element_type=\"widget\" data-e-type=\"widget\" data-widget_type=\"heading.default\">\n\t\t\t\t<div class=\"elementor-widget-container\">\n\t\t\t\t\t<h4 class=\"elementor-heading-title elementor-size-default\">UNIVERSITAT POLITECNICA DE VALENCIA<\/h4>\t\t\t\t<\/div>\n\t\t\t\t<\/div>\n\t\t\t\t<div class=\"elementor-element elementor-element-40faeec elementor-widget elementor-widget-text-editor\" data-id=\"40faeec\" data-element_type=\"widget\" data-e-type=\"widget\" data-widget_type=\"text-editor.default\">\n\t\t\t\t<div class=\"elementor-widget-container\">\n\t\t\t\t\t\t\t\t\t<p>Die Universitat Polit\u00e8cnica de Val\u00e8ncia (UPV) ist eine \u00f6ffentliche Hochschule mit \u00fcber 25.000 Studierenden und 5.000 Mitarbeitern, bekannt f\u00fcr ihre starke internationale Zusammenarbeit, Mobilit\u00e4tsprojekte und hohe Rankings, und bietet zahlreiche Bachelor-, Master- und Doktoratsprogramme an. Die UPV zeichnet sich durch Erasmus+-Studentenaustausche aus, verwaltet verschiedene europ\u00e4ische Projekte und hat \u00fcber 1.000 internationale Partner aus mehr als 90 L\u00e4ndern.<\/p>\t\t\t\t\t\t\t\t<\/div>\n\t\t\t\t<\/div>\n\t\t\t\t<\/div>\n\t\t<div class=\"elementor-element elementor-element-8f42ef1 e-con-full e-flex e-con e-child\" data-id=\"8f42ef1\" data-element_type=\"container\" data-e-type=\"container\">\n\t\t\t\t<div class=\"elementor-element elementor-element-33b511f elementor-widget elementor-widget-image\" data-id=\"33b511f\" data-element_type=\"widget\" data-e-type=\"widget\" data-widget_type=\"image.default\">\n\t\t\t\t<div class=\"elementor-widget-container\">\n\t\t\t\t\t\t\t\t\t\t\t\t\t\t\t\t<a href=\"https:\/\/www.ineco.upv.es\/2024\/07\/26\/new-european-projects-in-community-entrepreneurship-pathfinder\/\" target=\"_blank\">\n\t\t\t\t\t\t\t<img decoding=\"async\" width=\"1056\" height=\"792\" src=\"https:\/\/pathfinder-plus.eu\/wp-content\/uploads\/2024\/06\/2-1.png\" class=\"attachment-full size-full wp-image-1976\" alt=\"\" srcset=\"https:\/\/pathfinder-plus.eu\/wp-content\/uploads\/2024\/06\/2-1.png 1056w, https:\/\/pathfinder-plus.eu\/wp-content\/uploads\/2024\/06\/2-1-300x225.png 300w, https:\/\/pathfinder-plus.eu\/wp-content\/uploads\/2024\/06\/2-1-1024x768.png 1024w, https:\/\/pathfinder-plus.eu\/wp-content\/uploads\/2024\/06\/2-1-768x576.png 768w\" sizes=\"(max-width: 1056px) 100vw, 1056px\" \/>\t\t\t\t\t\t\t\t<\/a>\n\t\t\t\t\t\t\t\t\t\t\t\t\t\t\t<\/div>\n\t\t\t\t<\/div>\n\t\t\t\t<\/div>\n\t\t\t\t\t<\/div>\n\t\t\t\t<\/div>\n\t\t<div class=\"elementor-element elementor-element-f0a1a8d e-flex e-con-boxed e-con e-parent\" data-id=\"f0a1a8d\" data-element_type=\"container\" data-e-type=\"container\">\n\t\t\t\t\t<div class=\"e-con-inner\">\n\t\t<div class=\"elementor-element elementor-element-d0de031 e-con-full e-flex e-con e-child\" data-id=\"d0de031\" data-element_type=\"container\" data-e-type=\"container\">\n\t\t\t\t<div class=\"elementor-element elementor-element-ebce7b9 elementor-widget elementor-widget-heading\" data-id=\"ebce7b9\" data-element_type=\"widget\" data-e-type=\"widget\" data-widget_type=\"heading.default\">\n\t\t\t\t<div class=\"elementor-widget-container\">\n\t\t\t\t\t<h4 class=\"elementor-heading-title elementor-size-default\">UC LIMBURG<\/h4>\t\t\t\t<\/div>\n\t\t\t\t<\/div>\n\t\t\t\t<div class=\"elementor-element elementor-element-5fbf9ec elementor-widget elementor-widget-text-editor\" data-id=\"5fbf9ec\" data-element_type=\"widget\" data-e-type=\"widget\" data-widget_type=\"text-editor.default\">\n\t\t\t\t<div class=\"elementor-widget-container\">\n\t\t\t\t\t\t\t\t\t<p>Die UC Limburg (UCLL) in Flandern bietet \u00fcber 30 berufliche Bachelor- und lebenslange Lernprogramme an, mit Schwerpunkt auf Gesundheitswesen, Sozialarbeit, Wirtschaft, Lehrerausbildung und Technologie, und hat 15.000 Studierende. UCLL ist bekannt f\u00fcr qualitativ hochwertige Lehre und marktorientierte Forschung, legt Wert auf regionale Entwicklung, Blended Learning und Internationalisierung und kooperiert global und lokal, wobei sie an zahlreichen europ\u00e4ischen Projekten teilnimmt.<\/p>\t\t\t\t\t\t\t\t<\/div>\n\t\t\t\t<\/div>\n\t\t\t\t<\/div>\n\t\t<div class=\"elementor-element elementor-element-13296b4 e-con-full e-flex e-con e-child\" data-id=\"13296b4\" data-element_type=\"container\" data-e-type=\"container\">\n\t\t\t\t<div class=\"elementor-element elementor-element-f5d8637 elementor-widget elementor-widget-image\" data-id=\"f5d8637\" data-element_type=\"widget\" data-e-type=\"widget\" data-widget_type=\"image.default\">\n\t\t\t\t<div class=\"elementor-widget-container\">\n\t\t\t\t\t\t\t\t\t\t\t\t\t\t\t\t<a href=\"https:\/\/www.ucll.be\/en\" target=\"_blank\">\n\t\t\t\t\t\t\t<img decoding=\"async\" width=\"1056\" height=\"792\" src=\"https:\/\/pathfinder-plus.eu\/wp-content\/uploads\/2024\/06\/3-1.png\" class=\"attachment-full size-full wp-image-1977\" alt=\"\" srcset=\"https:\/\/pathfinder-plus.eu\/wp-content\/uploads\/2024\/06\/3-1.png 1056w, https:\/\/pathfinder-plus.eu\/wp-content\/uploads\/2024\/06\/3-1-300x225.png 300w, https:\/\/pathfinder-plus.eu\/wp-content\/uploads\/2024\/06\/3-1-1024x768.png 1024w, https:\/\/pathfinder-plus.eu\/wp-content\/uploads\/2024\/06\/3-1-768x576.png 768w\" sizes=\"(max-width: 1056px) 100vw, 1056px\" \/>\t\t\t\t\t\t\t\t<\/a>\n\t\t\t\t\t\t\t\t\t\t\t\t\t\t\t<\/div>\n\t\t\t\t<\/div>\n\t\t\t\t<\/div>\n\t\t\t\t\t<\/div>\n\t\t\t\t<\/div>\n\t\t<div class=\"elementor-element elementor-element-e109680 e-flex e-con-boxed e-con e-parent\" data-id=\"e109680\" data-element_type=\"container\" data-e-type=\"container\">\n\t\t\t\t\t<div class=\"e-con-inner\">\n\t\t<div class=\"elementor-element elementor-element-b93b8a9 e-con-full e-flex e-con e-child\" data-id=\"b93b8a9\" data-element_type=\"container\" data-e-type=\"container\">\n\t\t\t\t<div class=\"elementor-element elementor-element-a3e0b7f elementor-widget elementor-widget-heading\" data-id=\"a3e0b7f\" data-element_type=\"widget\" data-e-type=\"widget\" data-widget_type=\"heading.default\">\n\t\t\t\t<div class=\"elementor-widget-container\">\n\t\t\t\t\t<h4 class=\"elementor-heading-title elementor-size-default\">WIRTSCHAFTSKAMMER STEIERMARK<\/h4>\t\t\t\t<\/div>\n\t\t\t\t<\/div>\n\t\t\t\t<div class=\"elementor-element elementor-element-681c40e elementor-widget elementor-widget-text-editor\" data-id=\"681c40e\" data-element_type=\"widget\" data-e-type=\"widget\" data-widget_type=\"text-editor.default\">\n\t\t\t\t<div class=\"elementor-widget-container\">\n\t\t\t\t\t\t\t\t\t<p>Die \u00d6sterreichische Wirtschaftskammer (WK\u00d6) vertritt die Interessen der \u00f6sterreichischen Wirtschaft und fungiert als nationale Dachorganisation f\u00fcr neun regionale Landeskammern und 110 Fachverb\u00e4nde. Die Wirtschaftskammer Steiermark mit Sitz in Graz unterst\u00fctzt rund 68.000 Unternehmen und betreibt das Institut f\u00fcr Berufsbildung (WIFI), das j\u00e4hrlich \u00fcber 3.000 Kurse in verschiedenen Bereichen anbietet, mit Fokus auf Brancheninnovationen und Berufsbildung.<\/p>\t\t\t\t\t\t\t\t<\/div>\n\t\t\t\t<\/div>\n\t\t\t\t<\/div>\n\t\t<div class=\"elementor-element elementor-element-efea150 e-con-full e-flex e-con e-child\" data-id=\"efea150\" data-element_type=\"container\" data-e-type=\"container\">\n\t\t\t\t<div class=\"elementor-element elementor-element-912c60b elementor-widget elementor-widget-image\" data-id=\"912c60b\" data-element_type=\"widget\" data-e-type=\"widget\" data-widget_type=\"image.default\">\n\t\t\t\t<div class=\"elementor-widget-container\">\n\t\t\t\t\t\t\t\t\t\t\t\t\t\t\t\t<a href=\"https:\/\/room466.at\/en\/digital-novel-learning-forms\/pathfinder\/\" target=\"_blank\">\n\t\t\t\t\t\t\t<img loading=\"lazy\" decoding=\"async\" width=\"1056\" height=\"792\" src=\"https:\/\/pathfinder-plus.eu\/wp-content\/uploads\/2024\/06\/4.png\" class=\"attachment-full size-full wp-image-1978\" alt=\"\" srcset=\"https:\/\/pathfinder-plus.eu\/wp-content\/uploads\/2024\/06\/4.png 1056w, https:\/\/pathfinder-plus.eu\/wp-content\/uploads\/2024\/06\/4-300x225.png 300w, https:\/\/pathfinder-plus.eu\/wp-content\/uploads\/2024\/06\/4-1024x768.png 1024w, https:\/\/pathfinder-plus.eu\/wp-content\/uploads\/2024\/06\/4-768x576.png 768w\" sizes=\"(max-width: 1056px) 100vw, 1056px\" \/>\t\t\t\t\t\t\t\t<\/a>\n\t\t\t\t\t\t\t\t\t\t\t\t\t\t\t<\/div>\n\t\t\t\t<\/div>\n\t\t\t\t<\/div>\n\t\t\t\t\t<\/div>\n\t\t\t\t<\/div>\n\t\t<div class=\"elementor-element elementor-element-e1844e3 e-flex e-con-boxed e-con e-parent\" data-id=\"e1844e3\" data-element_type=\"container\" data-e-type=\"container\">\n\t\t\t\t\t<div class=\"e-con-inner\">\n\t\t<div class=\"elementor-element elementor-element-f4e45cf e-con-full e-flex e-con e-child\" data-id=\"f4e45cf\" data-element_type=\"container\" data-e-type=\"container\">\n\t\t\t\t<div class=\"elementor-element elementor-element-3150064 elementor-widget elementor-widget-heading\" data-id=\"3150064\" data-element_type=\"widget\" data-e-type=\"widget\" data-widget_type=\"heading.default\">\n\t\t\t\t<div class=\"elementor-widget-container\">\n\t\t\t\t\t<h4 class=\"elementor-heading-title elementor-size-default\">INSTITOYTO KOINONIKIS KAINOTOMIAS KAI SYNOXIS<\/h4>\t\t\t\t<\/div>\n\t\t\t\t<\/div>\n\t\t\t\t<div class=\"elementor-element elementor-element-070cfd8 elementor-widget elementor-widget-text-editor\" data-id=\"070cfd8\" data-element_type=\"widget\" data-e-type=\"widget\" data-widget_type=\"text-editor.default\">\n\t\t\t\t<div class=\"elementor-widget-container\">\n\t\t\t\t\t\t\t\t\t<p>Das Social Innovation and Cohesion Institute (Fifty-Fifty) ist eine Zivilgesellschaftsorganisation, die lebenslanges Lernen, transnationale Initiativen und non-formale Bildung f\u00fcr Jugendliche, erwachsene Lernende und Fachkr\u00e4fte f\u00f6rdert, um soziale Koh\u00e4sion zu st\u00e4rken. Die Aktivit\u00e4ten konzentrieren sich auf gleiche Lernchancen, Menschenrechte, interkulturellen Dialog, Mobilit\u00e4t, Freiwilligenarbeit, digitale Kompetenzen und Green Skills durch Workshops, Seminare und Schulungen.<\/p>\t\t\t\t\t\t\t\t<\/div>\n\t\t\t\t<\/div>\n\t\t\t\t<\/div>\n\t\t<div class=\"elementor-element elementor-element-3dffdc1 e-con-full e-flex e-con e-child\" data-id=\"3dffdc1\" data-element_type=\"container\" data-e-type=\"container\">\n\t\t\t\t<div class=\"elementor-element elementor-element-9848074 elementor-widget elementor-widget-image\" data-id=\"9848074\" data-element_type=\"widget\" data-e-type=\"widget\" data-widget_type=\"image.default\">\n\t\t\t\t<div class=\"elementor-widget-container\">\n\t\t\t\t\t\t\t\t\t\t\t\t\t\t\t\t<a href=\"https:\/\/fifty-fifty.gr\/pathfinder\/\" target=\"_blank\">\n\t\t\t\t\t\t\t<img loading=\"lazy\" decoding=\"async\" width=\"1056\" height=\"792\" src=\"https:\/\/pathfinder-plus.eu\/wp-content\/uploads\/2024\/06\/5.png\" class=\"attachment-full size-full wp-image-1979\" alt=\"\" srcset=\"https:\/\/pathfinder-plus.eu\/wp-content\/uploads\/2024\/06\/5.png 1056w, https:\/\/pathfinder-plus.eu\/wp-content\/uploads\/2024\/06\/5-300x225.png 300w, https:\/\/pathfinder-plus.eu\/wp-content\/uploads\/2024\/06\/5-1024x768.png 1024w, https:\/\/pathfinder-plus.eu\/wp-content\/uploads\/2024\/06\/5-768x576.png 768w\" sizes=\"(max-width: 1056px) 100vw, 1056px\" \/>\t\t\t\t\t\t\t\t<\/a>\n\t\t\t\t\t\t\t\t\t\t\t\t\t\t\t<\/div>\n\t\t\t\t<\/div>\n\t\t\t\t<\/div>\n\t\t\t\t\t<\/div>\n\t\t\t\t<\/div>\n\t\t<div class=\"elementor-element elementor-element-4781f71 e-flex e-con-boxed e-con e-parent\" data-id=\"4781f71\" data-element_type=\"container\" data-e-type=\"container\">\n\t\t\t\t\t<div class=\"e-con-inner\">\n\t\t<div class=\"elementor-element elementor-element-040d2e2 e-con-full e-flex e-con e-child\" data-id=\"040d2e2\" data-element_type=\"container\" data-e-type=\"container\">\n\t\t\t\t<div class=\"elementor-element elementor-element-61fa644 elementor-widget elementor-widget-heading\" data-id=\"61fa644\" data-element_type=\"widget\" data-e-type=\"widget\" data-widget_type=\"heading.default\">\n\t\t\t\t<div class=\"elementor-widget-container\">\n\t\t\t\t\t<h4 class=\"elementor-heading-title elementor-size-default\"> Kaunas University of Technology<\/h4>\t\t\t\t<\/div>\n\t\t\t\t<\/div>\n\t\t\t\t<div class=\"elementor-element elementor-element-bb9bbfb elementor-widget elementor-widget-text-editor\" data-id=\"bb9bbfb\" data-element_type=\"widget\" data-e-type=\"widget\" data-widget_type=\"text-editor.default\">\n\t\t\t\t<div class=\"elementor-widget-container\">\n\t\t\t\t\t\t\t\t\t<p>Die Einrichtung bietet ein wettbewerbsf\u00e4higes Studienprogrammportfolio, moderne Studienprozesse, motivierte Studierende und hochkompetente Lehrende, mit Forschung und Entwicklung, die auf gesellschaftliche Bed\u00fcrfnisse abgestimmt sind. Sie legt Wert auf Technologietransfer und Innovation, verf\u00fcgt \u00fcber moderne Infrastruktur f\u00fcr Spitzenforschung und f\u00f6rdert eine loyale, zielorientierte Gemeinschaft.<\/p>\t\t\t\t\t\t\t\t<\/div>\n\t\t\t\t<\/div>\n\t\t\t\t<\/div>\n\t\t<div class=\"elementor-element elementor-element-509ca31 e-con-full e-flex e-con e-child\" data-id=\"509ca31\" data-element_type=\"container\" data-e-type=\"container\">\n\t\t\t\t<div class=\"elementor-element elementor-element-f466203 elementor-widget elementor-widget-image\" data-id=\"f466203\" data-element_type=\"widget\" data-e-type=\"widget\" data-widget_type=\"image.default\">\n\t\t\t\t<div class=\"elementor-widget-container\">\n\t\t\t\t\t\t\t\t\t\t\t\t\t\t\t\t<a href=\"https:\/\/seb.ktu.edu\/projects\/paving-the-way-for-digital-learning-in-higher-education-with-enterprise-community-pathfinder\/\" target=\"_blank\">\n\t\t\t\t\t\t\t<img loading=\"lazy\" decoding=\"async\" width=\"1056\" height=\"792\" src=\"https:\/\/pathfinder-plus.eu\/wp-content\/uploads\/2024\/06\/6.png\" class=\"attachment-full size-full wp-image-1980\" alt=\"\" srcset=\"https:\/\/pathfinder-plus.eu\/wp-content\/uploads\/2024\/06\/6.png 1056w, https:\/\/pathfinder-plus.eu\/wp-content\/uploads\/2024\/06\/6-300x225.png 300w, https:\/\/pathfinder-plus.eu\/wp-content\/uploads\/2024\/06\/6-1024x768.png 1024w, https:\/\/pathfinder-plus.eu\/wp-content\/uploads\/2024\/06\/6-768x576.png 768w\" sizes=\"(max-width: 1056px) 100vw, 1056px\" \/>\t\t\t\t\t\t\t\t<\/a>\n\t\t\t\t\t\t\t\t\t\t\t\t\t\t\t<\/div>\n\t\t\t\t<\/div>\n\t\t\t\t<\/div>\n\t\t\t\t\t<\/div>\n\t\t\t\t<\/div>\n\t\t<div class=\"elementor-element elementor-element-9913187 e-flex e-con-boxed e-con e-parent\" data-id=\"9913187\" data-element_type=\"container\" data-e-type=\"container\" data-settings=\"{&quot;background_background&quot;:&quot;classic&quot;}\">\n\t\t\t\t\t<div class=\"e-con-inner\">\n\t\t<div class=\"elementor-element elementor-element-0f074f2 e-con-full e-flex e-con e-child\" data-id=\"0f074f2\" data-element_type=\"container\" data-e-type=\"container\">\n\t\t\t\t<div class=\"elementor-element elementor-element-c2230aa elementor-widget elementor-widget-heading\" data-id=\"c2230aa\" data-element_type=\"widget\" data-e-type=\"widget\" data-widget_type=\"heading.default\">\n\t\t\t\t<div class=\"elementor-widget-container\">\n\t\t\t\t\t<h2 class=\"elementor-heading-title elementor-size-default\">Sprechen Sie mit uns<\/h2>\t\t\t\t<\/div>\n\t\t\t\t<\/div>\n\t\t\t\t<div class=\"elementor-element elementor-element-14b235b elementor-widget elementor-widget-text-editor\" data-id=\"14b235b\" data-element_type=\"widget\" data-e-type=\"widget\" data-widget_type=\"text-editor.default\">\n\t\t\t\t<div class=\"elementor-widget-container\">\n\t\t\t\t\t\t\t\t\t<p>Haben Sie noch Fragen? Wir haben immer ein offenes Ohr, um \u00fcber unser Gesch\u00e4ft, neue Projekte, kreative M\u00f6glichkeiten und dar\u00fcber, wie wir Ihnen helfen k\u00f6nnen, zu sprechen.<\/p>\t\t\t\t\t\t\t\t<\/div>\n\t\t\t\t<\/div>\n\t\t\t\t<div class=\"elementor-element elementor-element-4f55473 elementor-align-center elementor-widget elementor-widget-button\" data-id=\"4f55473\" data-element_type=\"widget\" data-e-type=\"widget\" data-widget_type=\"button.default\">\n\t\t\t\t<div class=\"elementor-widget-container\">\n\t\t\t\t\t\t\t\t\t<div class=\"elementor-button-wrapper\">\n\t\t\t\t\t<a class=\"elementor-button elementor-button-link elementor-size-sm\" href=\"https:\/\/pathfinder-plus.eu\/de\/contact\/\" target=\"_blank\">\n\t\t\t\t\t\t<span class=\"elementor-button-content-wrapper\">\n\t\t\t\t\t\t\t\t\t<span class=\"elementor-button-text\">Kontakt aufnehmen<\/span>\n\t\t\t\t\t<\/span>\n\t\t\t\t\t<\/a>\n\t\t\t\t<\/div>\n\t\t\t\t\t\t\t\t<\/div>\n\t\t\t\t<\/div>\n\t\t\t\t<\/div>\n\t\t\t\t\t<\/div>\n\t\t\t\t<\/div>\n\t\t\t\t<\/div>","protected":false},"excerpt":{"rendered":"<p>Our Partners FUNDACION EMPRESA UNIVERSIDAD DE ALICANTE DE LA COMUNIDAD VALENCIANA The Enterprise University of Alicante Foundation (FUNDEUN) is a Spanish non-profit connecting the University of Alicante with local businesses for over 33 years, fostering dialogue, research transfer, startup support, and professional development through its multidisciplinary team. It collaborates with 92 partners from various sectors [&hellip;]<\/p>\n","protected":false},"author":2,"featured_media":0,"parent":0,"menu_order":0,"comment_status":"closed","ping_status":"closed","template":"","meta":{"site-sidebar-layout":"no-sidebar","site-content-layout":"page-builder","ast-site-content-layout":"full-width-container","site-content-style":"unboxed","site-sidebar-style":"unboxed","ast-global-header-display":"","ast-banner-title-visibility":"","ast-main-header-display":"","ast-hfb-above-header-display":"","ast-hfb-below-header-display":"","ast-hfb-mobile-header-display":"","site-post-title":"disabled","ast-breadcrumbs-content":"","ast-featured-img":"disabled","footer-sml-layout":"","theme-transparent-header-meta":"enabled","adv-header-id-meta":"","stick-header-meta":"","header-above-stick-meta":"","header-main-stick-meta":"","header-below-stick-meta":"","astra-migrate-meta-layouts":"set","ast-page-background-enabled":"default","ast-page-background-meta":{"desktop":{"background-color":"var(--ast-global-color-4)","background-image":"","background-repeat":"repeat","background-position":"center center","background-size":"auto","background-attachment":"scroll","background-type":"","background-media":"","overlay-type":"","overlay-color":"","overlay-opacity":"","overlay-gradient":""},"tablet":{"background-color":"","background-image":"","background-repeat":"repeat","background-position":"center center","background-size":"auto","background-attachment":"scroll","background-type":"","background-media":"","overlay-type":"","overlay-color":"","overlay-opacity":"","overlay-gradient":""},"mobile":{"background-color":"","background-image":"","background-repeat":"repeat","background-position":"center center","background-size":"auto","background-attachment":"scroll","background-type":"","background-media":"","overlay-type":"","overlay-color":"","overlay-opacity":"","overlay-gradient":""}},"ast-content-background-meta":{"desktop":{"background-color":"var(--ast-global-color-5)","background-image":"","background-repeat":"repeat","background-position":"center center","background-size":"auto","background-attachment":"scroll","background-type":"","background-media":"","overlay-type":"","overlay-color":"","overlay-opacity":"","overlay-gradient":""},"tablet":{"background-color":"var(--ast-global-color-5)","background-image":"","background-repeat":"repeat","background-position":"center center","background-size":"auto","background-attachment":"scroll","background-type":"","background-media":"","overlay-type":"","overlay-color":"","overlay-opacity":"","overlay-gradient":""},"mobile":{"background-color":"var(--ast-global-color-5)","background-image":"","background-repeat":"repeat","background-position":"center center","background-size":"auto","background-attachment":"scroll","background-type":"","background-media":"","overlay-type":"","overlay-color":"","overlay-opacity":"","overlay-gradient":""}},"footnotes":""},"class_list":["post-1959","page","type-page","status-publish","hentry"],"_links":{"self":[{"href":"https:\/\/pathfinder-plus.eu\/de\/wp-json\/wp\/v2\/pages\/1959","targetHints":{"allow":["GET"]}}],"collection":[{"href":"https:\/\/pathfinder-plus.eu\/de\/wp-json\/wp\/v2\/pages"}],"about":[{"href":"https:\/\/pathfinder-plus.eu\/de\/wp-json\/wp\/v2\/types\/page"}],"author":[{"embeddable":true,"href":"https:\/\/pathfinder-plus.eu\/de\/wp-json\/wp\/v2\/users\/2"}],"replies":[{"embeddable":true,"href":"https:\/\/pathfinder-plus.eu\/de\/wp-json\/wp\/v2\/comments?post=1959"}],"version-history":[{"count":64,"href":"https:\/\/pathfinder-plus.eu\/de\/wp-json\/wp\/v2\/pages\/1959\/revisions"}],"predecessor-version":[{"id":5723,"href":"https:\/\/pathfinder-plus.eu\/de\/wp-json\/wp\/v2\/pages\/1959\/revisions\/5723"}],"wp:attachment":[{"href":"https:\/\/pathfinder-plus.eu\/de\/wp-json\/wp\/v2\/media?parent=1959"}],"curies":[{"name":"wp","href":"https:\/\/api.w.org\/{rel}","templated":true}]}}