{"id":2172,"date":"2025-04-17T13:18:07","date_gmt":"2025-04-17T13:18:07","guid":{"rendered":"https:\/\/pathfinder-plus.eu\/?page_id=2172"},"modified":"2026-03-09T12:55:35","modified_gmt":"2026-03-09T12:55:35","slug":"about","status":"publish","type":"page","link":"https:\/\/pathfinder-plus.eu\/de\/about\/","title":{"rendered":"\u00dcber"},"content":{"rendered":"<div data-elementor-type=\"wp-page\" data-elementor-id=\"2172\" class=\"elementor elementor-2172\">\n\t\t\t\t<div class=\"elementor-element elementor-element-4094ee7 e-flex e-con-boxed e-con e-parent\" data-id=\"4094ee7\" data-element_type=\"container\" data-e-type=\"container\" data-settings=\"{&quot;background_background&quot;:&quot;classic&quot;}\">\n\t\t\t\t\t<div class=\"e-con-inner\">\n\t\t<div class=\"elementor-element elementor-element-8695738 e-con-full e-flex e-con e-child\" data-id=\"8695738\" data-element_type=\"container\" data-e-type=\"container\">\n\t\t\t\t<div class=\"elementor-element elementor-element-2646c9c elementor-widget elementor-widget-heading\" data-id=\"2646c9c\" data-element_type=\"widget\" data-e-type=\"widget\" data-widget_type=\"heading.default\">\n\t\t\t\t<div class=\"elementor-widget-container\">\n\t\t\t\t\t<h1 class=\"elementor-heading-title elementor-size-default\">Wer sind wir?<\/h1>\t\t\t\t<\/div>\n\t\t\t\t<\/div>\n\t\t\t\t<\/div>\n\t\t\t\t\t<\/div>\n\t\t\t\t<\/div>\n\t\t<div class=\"elementor-element elementor-element-e90f62c e-flex e-con-boxed e-con e-parent\" data-id=\"e90f62c\" data-element_type=\"container\" data-e-type=\"container\">\n\t\t\t\t\t<div class=\"e-con-inner\">\n\t\t<div class=\"elementor-element elementor-element-b29abee e-con-full e-flex e-con e-child\" data-id=\"b29abee\" data-element_type=\"container\" data-e-type=\"container\">\n\t\t\t\t<div class=\"elementor-element elementor-element-f095111 elementor-widget elementor-widget-heading\" data-id=\"f095111\" data-element_type=\"widget\" data-e-type=\"widget\" data-widget_type=\"heading.default\">\n\t\t\t\t<div class=\"elementor-widget-container\">\n\t\t\t\t\t<h2 class=\"elementor-heading-title elementor-size-default\">Unser Auftrag<\/h2>\t\t\t\t<\/div>\n\t\t\t\t<\/div>\n\t\t\t\t<div class=\"elementor-element elementor-element-5990b83 elementor-widget elementor-widget-text-editor\" data-id=\"5990b83\" data-element_type=\"widget\" data-e-type=\"widget\" data-widget_type=\"text-editor.default\">\n\t\t\t\t<div class=\"elementor-widget-container\">\n\t\t\t\t\t\t\t\t\t<p>Das PATHFINDER+ Projekt zielt darauf ab, die vielf\u00e4ltigen Beweggr\u00fcnde f\u00fcr die Entwicklung eines digitalen Lernspeichers in der Hochschulbildung (HED) f\u00fcr die Entwicklung von Unternehmensgemeinschaften mit besonderem Schwerpunkt auf der Entwicklung von Gemeinschaftsunternehmen zu untersuchen. Erstens will das Projekt durch die Entwicklung eines Blended-Learning-Bildungsprogramms und der dazugeh\u00f6rigen Ressourcen ein umfassendes und zug\u00e4ngliches Bildungsangebot schaffen, das den unterschiedlichen Bed\u00fcrfnissen der Lernenden, einschlie\u00dflich Hochschuleinrichtungen, Akkreditierungsagenturen und sozialen Unternehmern\/Innovatoren, gerecht wird. Zweitens ist das Projekt bestrebt, die F\u00f6rderung von gemeinschaftsgef\u00fchrten und gemeindeeigenen Unternehmen als Mittel zur F\u00f6rderung des b\u00fcrgerschaftlichen Engagements zu unterst\u00fctzen und den Einzelnen zu bef\u00e4higen, die Verantwortung f\u00fcr ihre lokale Wirtschaft zu \u00fcbernehmen. Dieser Ansatz f\u00f6rdert die Zusammenarbeit und Nachhaltigkeit bei der Bew\u00e4ltigung sozialer und wirtschaftlicher Herausforderungen. Dar\u00fcber hinaus k\u00f6nnen die im Rahmen des PATHFINDER+-Projekts erworbenen Kenntnisse, F\u00e4higkeiten und Kompetenzen Hochschulabsolventen und soziale Innovatoren in die Lage versetzen, auf die Bed\u00fcrfnisse von Randgruppen und benachteiligten Gebieten einzugehen. Indem es die Lernenden mit den notwendigen Werkzeugen ausstattet, um Wohlstand zu schaffen und die soziale Eingliederung zu f\u00f6rdern, insbesondere f\u00fcr diejenigen, die innerhalb der traditionellen Marktsysteme an den Rand gedr\u00e4ngt wurden, tr\u00e4gt das Projekt zum Aufbau integrativerer und nachhaltigerer Gemeinschaften bei.<\/p><p><br \/>Die Konzeption des Projekts st\u00fctzt sich auf vier Hauptpfeiler: Skalierbarkeit, Zugang, Anpassung und Zusammenarbeit. Diese S\u00e4ulen erm\u00f6glichen die Schaffung eines digitalen Lernspeichers, der eine breite Palette von Bildungsressourcen aufnehmen kann, die von \u00fcberall und jederzeit zug\u00e4nglich sind. Ma\u00dfgeschneiderte Lernpfade, die auf individuelle oder Gruppenbed\u00fcrfnisse zugeschnitten sind, f\u00f6rdern die Integration und das Engagement, w\u00e4hrend die Zusammenarbeit zwischen Lernenden und Experten das Gemeinschaftsgef\u00fchl und den Wissensaustausch innerhalb der Unternehmensgemeinschaft f\u00f6rdert. Die Ziele des PATHFINDER+-Projekts sind klar umrissen, um die \u00fcbergeordneten Ziele zu erreichen. Dazu geh\u00f6ren die Bereitstellung eines umfassenden Bildungsangebots zur Entwicklung von Gemeinschaftsunternehmen, die Bef\u00e4higung der Lernenden zur Schaffung nachhaltiger L\u00f6sungen, die F\u00f6rderung des b\u00fcrgerschaftlichen Engagements durch gemeinschaftsgef\u00fchrte Unternehmen und die Ausstattung von Hochschulabsolventen und sozialen Innovatoren mit den F\u00e4higkeiten, gesellschaftliche Herausforderungen wirksam anzugehen.<\/p>\t\t\t\t\t\t\t\t<\/div>\n\t\t\t\t<\/div>\n\t\t\t\t<div class=\"elementor-element elementor-element-62cae30 elementor-widget elementor-widget-heading\" data-id=\"62cae30\" data-element_type=\"widget\" data-e-type=\"widget\" data-widget_type=\"heading.default\">\n\t\t\t\t<div class=\"elementor-widget-container\">\n\t\t\t\t\t<h2 class=\"elementor-heading-title elementor-size-default\">Das Projekt richtet sich an drei Hauptgruppen:<\/h2>\t\t\t\t<\/div>\n\t\t\t\t<\/div>\n\t\t\t\t<div class=\"elementor-element elementor-element-0a97a4c elementor-widget elementor-widget-text-editor\" data-id=\"0a97a4c\" data-element_type=\"widget\" data-e-type=\"widget\" data-widget_type=\"text-editor.default\">\n\t\t\t\t<div class=\"elementor-widget-container\">\n\t\t\t\t\t\t\t\t\t<ul><li class=\"translation-block\"><b>1. h\u00f6here Bildungseinrichtungen und Studenten: <\/b>Das Projekt zielt darauf ab, ein Blended-Learning-Bildungsprogramm und damit verbundene Lehr-\/Lernressourcen zu entwickeln, die auf Hochschuleinrichtungen zugeschnitten sind. Diese Ressourcen zielen darauf ab, die Kenntnisse, F\u00e4higkeiten und Kompetenzen von Studenten zu verbessern, die sich f\u00fcr die Entwicklung von Gemeinschaftsunternehmen und sozialem Unternehmertum interessieren. Indem das Projekt den Studierenden diese F\u00e4higkeiten vermittelt, sollen sie in die Lage versetzt werden, positive Beitr\u00e4ge zu ihren Gemeinschaften zu leisten und so die soziale Eingliederung und das b\u00fcrgerschaftliche Engagement zu f\u00f6rdern.<\/li><li><b>2. Akkreditierungsagenturen<\/b>: PATHFINDER+ zielt darauf ab, eine Sammlung digitaler Lernressourcen bereitzustellen, die Akkreditierungsagenturen nutzen k\u00f6nnen, um die Qualit\u00e4t der von Hochschuleinrichtungen angebotenen Aus- und Weiterbildung im Bereich der Entwicklung von Gemeinschaftsunternehmen sicherzustellen. Diese Ressourcen werden es den Akkreditierungsagenturen erm\u00f6glichen, bew\u00e4hrte Praktiken in erfolgreichen kommunalen Unternehmen zu identifizieren und zu reflektieren und so den Akkreditierungsprozess zu verbessern und Exzellenz in der Bildung zu f\u00f6rdern.<\/li><li class=\"translation-block\">Das Projekt richtet sich an Sozialunternehmer und Innovatoren und vermittelt ihnen das Wissen, die F\u00e4higkeiten und die Kompetenzen, die sie ben\u00f6tigen, um Randgruppen und benachteiligte Standorte zu st\u00e4rken. Durch die Entwicklung eines umfassenden Lehrplans und zugeh\u00f6riger Lehr- und Lernressourcen, die sich auf gemeinschaftliche Unternehmensmodelle, F\u00fchrung, Humanressourcen und operatives Management konzentrieren, k\u00f6nnen soziale Unternehmer und Innovatoren soziale und wirtschaftliche Herausforderungen wirksam angehen. Dadurch werden sie in die Lage versetzt, Wohlstand zu schaffen und die soziale Eingliederung zu f\u00f6rdern, insbesondere bei denjenigen, die innerhalb der herk\u00f6mmlichen Marktsysteme an den Rand gedr\u00e4ngt wurden.<\/li><\/ul>\t\t\t\t\t\t\t\t<\/div>\n\t\t\t\t<\/div>\n\t\t\t\t<\/div>\n\t\t\t\t\t<\/div>\n\t\t\t\t<\/div>\n\t\t<div class=\"elementor-element elementor-element-9913187 e-flex e-con-boxed e-con e-parent\" data-id=\"9913187\" data-element_type=\"container\" data-e-type=\"container\" data-settings=\"{&quot;background_background&quot;:&quot;classic&quot;}\">\n\t\t\t\t\t<div class=\"e-con-inner\">\n\t\t<div class=\"elementor-element elementor-element-0f074f2 e-con-full e-flex e-con e-child\" data-id=\"0f074f2\" data-element_type=\"container\" data-e-type=\"container\">\n\t\t\t\t<div class=\"elementor-element elementor-element-c2230aa elementor-widget elementor-widget-heading\" data-id=\"c2230aa\" data-element_type=\"widget\" data-e-type=\"widget\" data-widget_type=\"heading.default\">\n\t\t\t\t<div class=\"elementor-widget-container\">\n\t\t\t\t\t<h2 class=\"elementor-heading-title elementor-size-default\">Sprechen Sie mit uns<\/h2>\t\t\t\t<\/div>\n\t\t\t\t<\/div>\n\t\t\t\t<div class=\"elementor-element elementor-element-14b235b elementor-widget elementor-widget-text-editor\" data-id=\"14b235b\" data-element_type=\"widget\" data-e-type=\"widget\" data-widget_type=\"text-editor.default\">\n\t\t\t\t<div class=\"elementor-widget-container\">\n\t\t\t\t\t\t\t\t\t<p>Haben Sie noch Fragen? Wir haben immer ein offenes Ohr, um \u00fcber unser Gesch\u00e4ft, neue Projekte, kreative M\u00f6glichkeiten und dar\u00fcber, wie wir Ihnen helfen k\u00f6nnen, zu sprechen.<\/p>\t\t\t\t\t\t\t\t<\/div>\n\t\t\t\t<\/div>\n\t\t\t\t<div class=\"elementor-element elementor-element-4f55473 elementor-align-center elementor-widget elementor-widget-button\" data-id=\"4f55473\" data-element_type=\"widget\" data-e-type=\"widget\" data-widget_type=\"button.default\">\n\t\t\t\t<div class=\"elementor-widget-container\">\n\t\t\t\t\t\t\t\t\t<div class=\"elementor-button-wrapper\">\n\t\t\t\t\t<a class=\"elementor-button elementor-button-link elementor-size-sm\" href=\"https:\/\/pathfinder-plus.eu\/de\/contact\/\" target=\"_blank\">\n\t\t\t\t\t\t<span class=\"elementor-button-content-wrapper\">\n\t\t\t\t\t\t\t\t\t<span class=\"elementor-button-text\">Kontakt aufnehmen<\/span>\n\t\t\t\t\t<\/span>\n\t\t\t\t\t<\/a>\n\t\t\t\t<\/div>\n\t\t\t\t\t\t\t\t<\/div>\n\t\t\t\t<\/div>\n\t\t\t\t<\/div>\n\t\t\t\t\t<\/div>\n\t\t\t\t<\/div>\n\t\t\t\t<\/div>","protected":false},"excerpt":{"rendered":"<p>Who are we? Our Mission The PATHFINDER+ Project aims to address the multifaceted motivations behind designing a digital learning repository in Higher Education (HED) for Enterprise Community development, with a particular focus on community enterprise development. Firstly, by developing a blended learning educational programme and associated resources, the project seeks to create a comprehensive and [&hellip;]<\/p>\n","protected":false},"author":2,"featured_media":0,"parent":0,"menu_order":0,"comment_status":"closed","ping_status":"closed","template":"","meta":{"site-sidebar-layout":"no-sidebar","site-content-layout":"page-builder","ast-site-content-layout":"full-width-container","site-content-style":"unboxed","site-sidebar-style":"unboxed","ast-global-header-display":"","ast-banner-title-visibility":"","ast-main-header-display":"","ast-hfb-above-header-display":"","ast-hfb-below-header-display":"","ast-hfb-mobile-header-display":"","site-post-title":"disabled","ast-breadcrumbs-content":"","ast-featured-img":"disabled","footer-sml-layout":"","theme-transparent-header-meta":"enabled","adv-header-id-meta":"","stick-header-meta":"","header-above-stick-meta":"","header-main-stick-meta":"","header-below-stick-meta":"","astra-migrate-meta-layouts":"set","ast-page-background-enabled":"default","ast-page-background-meta":{"desktop":{"background-color":"var(--ast-global-color-4)","background-image":"","background-repeat":"repeat","background-position":"center center","background-size":"auto","background-attachment":"scroll","background-type":"","background-media":"","overlay-type":"","overlay-color":"","overlay-opacity":"","overlay-gradient":""},"tablet":{"background-color":"","background-image":"","background-repeat":"repeat","background-position":"center center","background-size":"auto","background-attachment":"scroll","background-type":"","background-media":"","overlay-type":"","overlay-color":"","overlay-opacity":"","overlay-gradient":""},"mobile":{"background-color":"","background-image":"","background-repeat":"repeat","background-position":"center center","background-size":"auto","background-attachment":"scroll","background-type":"","background-media":"","overlay-type":"","overlay-color":"","overlay-opacity":"","overlay-gradient":""}},"ast-content-background-meta":{"desktop":{"background-color":"var(--ast-global-color-5)","background-image":"","background-repeat":"repeat","background-position":"center center","background-size":"auto","background-attachment":"scroll","background-type":"","background-media":"","overlay-type":"","overlay-color":"","overlay-opacity":"","overlay-gradient":""},"tablet":{"background-color":"var(--ast-global-color-5)","background-image":"","background-repeat":"repeat","background-position":"center center","background-size":"auto","background-attachment":"scroll","background-type":"","background-media":"","overlay-type":"","overlay-color":"","overlay-opacity":"","overlay-gradient":""},"mobile":{"background-color":"var(--ast-global-color-5)","background-image":"","background-repeat":"repeat","background-position":"center center","background-size":"auto","background-attachment":"scroll","background-type":"","background-media":"","overlay-type":"","overlay-color":"","overlay-opacity":"","overlay-gradient":""}},"footnotes":""},"class_list":["post-2172","page","type-page","status-publish","hentry"],"_links":{"self":[{"href":"https:\/\/pathfinder-plus.eu\/de\/wp-json\/wp\/v2\/pages\/2172","targetHints":{"allow":["GET"]}}],"collection":[{"href":"https:\/\/pathfinder-plus.eu\/de\/wp-json\/wp\/v2\/pages"}],"about":[{"href":"https:\/\/pathfinder-plus.eu\/de\/wp-json\/wp\/v2\/types\/page"}],"author":[{"embeddable":true,"href":"https:\/\/pathfinder-plus.eu\/de\/wp-json\/wp\/v2\/users\/2"}],"replies":[{"embeddable":true,"href":"https:\/\/pathfinder-plus.eu\/de\/wp-json\/wp\/v2\/comments?post=2172"}],"version-history":[{"count":5,"href":"https:\/\/pathfinder-plus.eu\/de\/wp-json\/wp\/v2\/pages\/2172\/revisions"}],"predecessor-version":[{"id":5717,"href":"https:\/\/pathfinder-plus.eu\/de\/wp-json\/wp\/v2\/pages\/2172\/revisions\/5717"}],"wp:attachment":[{"href":"https:\/\/pathfinder-plus.eu\/de\/wp-json\/wp\/v2\/media?parent=2172"}],"curies":[{"name":"wp","href":"https:\/\/api.w.org\/{rel}","templated":true}]}}