{"id":1959,"date":"2024-06-11T10:09:57","date_gmt":"2024-06-11T10:09:57","guid":{"rendered":"https:\/\/pathfinder-plus.eu\/?page_id=1959"},"modified":"2026-03-09T12:57:12","modified_gmt":"2026-03-09T12:57:12","slug":"partners","status":"publish","type":"page","link":"https:\/\/pathfinder-plus.eu\/es\/partners\/","title":{"rendered":"Socios"},"content":{"rendered":"<div data-elementor-type=\"wp-page\" data-elementor-id=\"1959\" class=\"elementor elementor-1959\">\n\t\t\t\t<div class=\"elementor-element elementor-element-4094ee7 e-flex e-con-boxed e-con e-parent\" data-id=\"4094ee7\" data-element_type=\"container\" data-e-type=\"container\" data-settings=\"{&quot;background_background&quot;:&quot;classic&quot;}\">\n\t\t\t\t\t<div class=\"e-con-inner\">\n\t\t<div class=\"elementor-element elementor-element-8695738 e-con-full e-flex e-con e-child\" data-id=\"8695738\" data-element_type=\"container\" data-e-type=\"container\">\n\t\t\t\t<div class=\"elementor-element elementor-element-2646c9c elementor-widget elementor-widget-heading\" data-id=\"2646c9c\" data-element_type=\"widget\" data-e-type=\"widget\" data-widget_type=\"heading.default\">\n\t\t\t\t<div class=\"elementor-widget-container\">\n\t\t\t\t\t<h1 class=\"elementor-heading-title elementor-size-default\">Nuestros socios<\/h1>\t\t\t\t<\/div>\n\t\t\t\t<\/div>\n\t\t\t\t<\/div>\n\t\t\t\t\t<\/div>\n\t\t\t\t<\/div>\n\t\t<div class=\"elementor-element elementor-element-i9iiuyw e-flex e-con-boxed e-con e-parent\" data-id=\"i9iiuyw\" data-element_type=\"container\" data-e-type=\"container\">\n\t\t\t\t\t<div class=\"e-con-inner\">\n\t\t<div class=\"elementor-element elementor-element-b29abee e-con-full e-flex e-con e-child\" data-id=\"b29abee\" data-element_type=\"container\" data-e-type=\"container\">\n\t\t\t\t<div class=\"elementor-element elementor-element-9ba4c58 elementor-widget elementor-widget-heading\" data-id=\"9ba4c58\" data-element_type=\"widget\" data-e-type=\"widget\" data-widget_type=\"heading.default\">\n\t\t\t\t<div class=\"elementor-widget-container\">\n\t\t\t\t\t<h4 class=\"elementor-heading-title elementor-size-default\">FUNDACION EMPRESA UNIVERSIDAD DE ALICANTE DE LA COMUNIDAD VALENCIANA<\/h4>\t\t\t\t<\/div>\n\t\t\t\t<\/div>\n\t\t\t\t<div class=\"elementor-element elementor-element-5990b83 elementor-widget elementor-widget-text-editor\" data-id=\"5990b83\" data-element_type=\"widget\" data-e-type=\"widget\" data-widget_type=\"text-editor.default\">\n\t\t\t\t<div class=\"elementor-widget-container\">\n\t\t\t\t\t\t\t\t\t<p>La Fundaci\u00f3n Empresa Universidad de Alicante (FUNDEUN) es una entidad espa\u00f1ola sin \u00e1nimo de lucro que conecta a la Universidad de Alicante con las empresas locales desde hace m\u00e1s de 33 a\u00f1os, fomentando el di\u00e1logo, la transferencia de investigaci\u00f3n, el apoyo a la creaci\u00f3n de empresas y el desarrollo profesional a trav\u00e9s de su equipo multidisciplinar. Colabora con 92 socios de diversos sectores para mejorar la competitividad empresarial y crear empleo de calidad para estudiantes y titulados.<\/p>\t\t\t\t\t\t\t\t<\/div>\n\t\t\t\t<\/div>\n\t\t\t\t<\/div>\n\t\t<div class=\"elementor-element elementor-element-0c682a2 e-con-full e-flex e-con e-child\" data-id=\"0c682a2\" data-element_type=\"container\" data-e-type=\"container\">\n\t\t\t\t<div class=\"elementor-element elementor-element-2ec8cea elementor-widget elementor-widget-spacer\" data-id=\"2ec8cea\" data-element_type=\"widget\" data-e-type=\"widget\" data-widget_type=\"spacer.default\">\n\t\t\t\t<div class=\"elementor-widget-container\">\n\t\t\t\t\t\t\t<div class=\"elementor-spacer\">\n\t\t\t<div class=\"elementor-spacer-inner\"><\/div>\n\t\t<\/div>\n\t\t\t\t\t\t<\/div>\n\t\t\t\t<\/div>\n\t\t\t\t<div class=\"elementor-element elementor-element-cc91ee5 elementor-widget elementor-widget-image\" data-id=\"cc91ee5\" data-element_type=\"widget\" data-e-type=\"widget\" data-widget_type=\"image.default\">\n\t\t\t\t<div class=\"elementor-widget-container\">\n\t\t\t\t\t\t\t\t\t\t\t\t\t\t\t\t<a href=\"https:\/\/fundeun.es\/european-project\/proyecto-pathfinder\/\" target=\"_blank\">\n\t\t\t\t\t\t\t<img fetchpriority=\"high\" decoding=\"async\" width=\"2560\" height=\"1082\" src=\"https:\/\/pathfinder-plus.eu\/wp-content\/uploads\/2024\/10\/0-02-05-553c3be0366cd3e3e02579008563b9f561ee7baf06d89bf024e460fb1ff12d51_2657259199e-scaled.jpg\" class=\"attachment-full size-full wp-image-2046\" alt=\"\" srcset=\"https:\/\/pathfinder-plus.eu\/wp-content\/uploads\/2024\/10\/0-02-05-553c3be0366cd3e3e02579008563b9f561ee7baf06d89bf024e460fb1ff12d51_2657259199e-scaled.jpg 2560w, https:\/\/pathfinder-plus.eu\/wp-content\/uploads\/2024\/10\/0-02-05-553c3be0366cd3e3e02579008563b9f561ee7baf06d89bf024e460fb1ff12d51_2657259199e-300x127.jpg 300w, https:\/\/pathfinder-plus.eu\/wp-content\/uploads\/2024\/10\/0-02-05-553c3be0366cd3e3e02579008563b9f561ee7baf06d89bf024e460fb1ff12d51_2657259199e-1024x433.jpg 1024w, https:\/\/pathfinder-plus.eu\/wp-content\/uploads\/2024\/10\/0-02-05-553c3be0366cd3e3e02579008563b9f561ee7baf06d89bf024e460fb1ff12d51_2657259199e-768x324.jpg 768w, https:\/\/pathfinder-plus.eu\/wp-content\/uploads\/2024\/10\/0-02-05-553c3be0366cd3e3e02579008563b9f561ee7baf06d89bf024e460fb1ff12d51_2657259199e-1536x649.jpg 1536w, https:\/\/pathfinder-plus.eu\/wp-content\/uploads\/2024\/10\/0-02-05-553c3be0366cd3e3e02579008563b9f561ee7baf06d89bf024e460fb1ff12d51_2657259199e-2048x865.jpg 2048w, https:\/\/pathfinder-plus.eu\/wp-content\/uploads\/2024\/10\/0-02-05-553c3be0366cd3e3e02579008563b9f561ee7baf06d89bf024e460fb1ff12d51_2657259199e-18x8.jpg 18w\" sizes=\"(max-width: 2560px) 100vw, 2560px\" \/>\t\t\t\t\t\t\t\t<\/a>\n\t\t\t\t\t\t\t\t\t\t\t\t\t\t\t<\/div>\n\t\t\t\t<\/div>\n\t\t\t\t<\/div>\n\t\t\t\t\t<\/div>\n\t\t\t\t<\/div>\n\t\t<div class=\"elementor-element elementor-element-5fb1b57 e-flex e-con-boxed e-con e-parent\" data-id=\"5fb1b57\" data-element_type=\"container\" data-e-type=\"container\">\n\t\t\t\t\t<div class=\"e-con-inner\">\n\t\t<div class=\"elementor-element elementor-element-62a81d0 e-con-full e-flex e-con e-child\" data-id=\"62a81d0\" data-element_type=\"container\" data-e-type=\"container\">\n\t\t\t\t<div class=\"elementor-element elementor-element-45906ef elementor-widget elementor-widget-heading\" data-id=\"45906ef\" data-element_type=\"widget\" data-e-type=\"widget\" data-widget_type=\"heading.default\">\n\t\t\t\t<div class=\"elementor-widget-container\">\n\t\t\t\t\t<h4 class=\"elementor-heading-title elementor-size-default\">UNIVERSIDAD POLIT\u00c9CNICA DE VALENCIA<\/h4>\t\t\t\t<\/div>\n\t\t\t\t<\/div>\n\t\t\t\t<div class=\"elementor-element elementor-element-40faeec elementor-widget elementor-widget-text-editor\" data-id=\"40faeec\" data-element_type=\"widget\" data-e-type=\"widget\" data-widget_type=\"text-editor.default\">\n\t\t\t\t<div class=\"elementor-widget-container\">\n\t\t\t\t\t\t\t\t\t<p>La Universitat Polit\u00e8cnica de Val\u00e8ncia (UPV) es una instituci\u00f3n p\u00fablica de educaci\u00f3n superior con m\u00e1s de 25.000 estudiantes y 5.000 empleados, conocida por su fuerte cooperaci\u00f3n internacional, sus proyectos de movilidad y sus altas clasificaciones, que ofrece numerosos programas de grado, m\u00e1ster y doctorado. La UPV destaca en los intercambios de estudiantes Erasmus+, gestiona diversos proyectos europeos y cuenta con m\u00e1s de 1.000 socios internacionales de m\u00e1s de 90 pa\u00edses.<\/p>\t\t\t\t\t\t\t\t<\/div>\n\t\t\t\t<\/div>\n\t\t\t\t<\/div>\n\t\t<div class=\"elementor-element elementor-element-8f42ef1 e-con-full e-flex e-con e-child\" data-id=\"8f42ef1\" data-element_type=\"container\" data-e-type=\"container\">\n\t\t\t\t<div class=\"elementor-element elementor-element-33b511f elementor-widget elementor-widget-image\" data-id=\"33b511f\" data-element_type=\"widget\" data-e-type=\"widget\" data-widget_type=\"image.default\">\n\t\t\t\t<div class=\"elementor-widget-container\">\n\t\t\t\t\t\t\t\t\t\t\t\t\t\t\t\t<a href=\"https:\/\/www.ineco.upv.es\/2024\/07\/26\/new-european-projects-in-community-entrepreneurship-pathfinder\/\" target=\"_blank\">\n\t\t\t\t\t\t\t<img decoding=\"async\" width=\"1056\" height=\"792\" src=\"https:\/\/pathfinder-plus.eu\/wp-content\/uploads\/2024\/06\/2-1.png\" class=\"attachment-full size-full wp-image-1976\" alt=\"\" srcset=\"https:\/\/pathfinder-plus.eu\/wp-content\/uploads\/2024\/06\/2-1.png 1056w, https:\/\/pathfinder-plus.eu\/wp-content\/uploads\/2024\/06\/2-1-300x225.png 300w, https:\/\/pathfinder-plus.eu\/wp-content\/uploads\/2024\/06\/2-1-1024x768.png 1024w, https:\/\/pathfinder-plus.eu\/wp-content\/uploads\/2024\/06\/2-1-768x576.png 768w\" sizes=\"(max-width: 1056px) 100vw, 1056px\" \/>\t\t\t\t\t\t\t\t<\/a>\n\t\t\t\t\t\t\t\t\t\t\t\t\t\t\t<\/div>\n\t\t\t\t<\/div>\n\t\t\t\t<\/div>\n\t\t\t\t\t<\/div>\n\t\t\t\t<\/div>\n\t\t<div class=\"elementor-element elementor-element-f0a1a8d e-flex e-con-boxed e-con e-parent\" data-id=\"f0a1a8d\" data-element_type=\"container\" data-e-type=\"container\">\n\t\t\t\t\t<div class=\"e-con-inner\">\n\t\t<div class=\"elementor-element elementor-element-d0de031 e-con-full e-flex e-con e-child\" data-id=\"d0de031\" data-element_type=\"container\" data-e-type=\"container\">\n\t\t\t\t<div class=\"elementor-element elementor-element-ebce7b9 elementor-widget elementor-widget-heading\" data-id=\"ebce7b9\" data-element_type=\"widget\" data-e-type=\"widget\" data-widget_type=\"heading.default\">\n\t\t\t\t<div class=\"elementor-widget-container\">\n\t\t\t\t\t<h4 class=\"elementor-heading-title elementor-size-default\">UC LIMBURGO<\/h4>\t\t\t\t<\/div>\n\t\t\t\t<\/div>\n\t\t\t\t<div class=\"elementor-element elementor-element-5fbf9ec elementor-widget elementor-widget-text-editor\" data-id=\"5fbf9ec\" data-element_type=\"widget\" data-e-type=\"widget\" data-widget_type=\"text-editor.default\">\n\t\t\t\t<div class=\"elementor-widget-container\">\n\t\t\t\t\t\t\t\t\t<p>La Universidad de Limburgo (UCLL), en Flandes, ofrece m\u00e1s de 30 programas profesionales de grado y de aprendizaje permanente, centrados en la atenci\u00f3n sanitaria, el trabajo social, la empresa, la formaci\u00f3n del profesorado y la tecnolog\u00eda, con 15.000 estudiantes. Reconocida por su ense\u00f1anza de alta calidad y su investigaci\u00f3n orientada al mercado, la UCLL hace hincapi\u00e9 en el desarrollo regional, el aprendizaje combinado y la internacionalizaci\u00f3n, y colabora a escala mundial y local, participando en numerosos proyectos europeos.<\/p>\t\t\t\t\t\t\t\t<\/div>\n\t\t\t\t<\/div>\n\t\t\t\t<\/div>\n\t\t<div class=\"elementor-element elementor-element-13296b4 e-con-full e-flex e-con e-child\" data-id=\"13296b4\" data-element_type=\"container\" data-e-type=\"container\">\n\t\t\t\t<div class=\"elementor-element elementor-element-f5d8637 elementor-widget elementor-widget-image\" data-id=\"f5d8637\" data-element_type=\"widget\" data-e-type=\"widget\" data-widget_type=\"image.default\">\n\t\t\t\t<div class=\"elementor-widget-container\">\n\t\t\t\t\t\t\t\t\t\t\t\t\t\t\t\t<a href=\"https:\/\/www.ucll.be\/en\" target=\"_blank\">\n\t\t\t\t\t\t\t<img decoding=\"async\" width=\"1056\" height=\"792\" src=\"https:\/\/pathfinder-plus.eu\/wp-content\/uploads\/2024\/06\/3-1.png\" class=\"attachment-full size-full wp-image-1977\" alt=\"\" srcset=\"https:\/\/pathfinder-plus.eu\/wp-content\/uploads\/2024\/06\/3-1.png 1056w, https:\/\/pathfinder-plus.eu\/wp-content\/uploads\/2024\/06\/3-1-300x225.png 300w, https:\/\/pathfinder-plus.eu\/wp-content\/uploads\/2024\/06\/3-1-1024x768.png 1024w, https:\/\/pathfinder-plus.eu\/wp-content\/uploads\/2024\/06\/3-1-768x576.png 768w\" sizes=\"(max-width: 1056px) 100vw, 1056px\" \/>\t\t\t\t\t\t\t\t<\/a>\n\t\t\t\t\t\t\t\t\t\t\t\t\t\t\t<\/div>\n\t\t\t\t<\/div>\n\t\t\t\t<\/div>\n\t\t\t\t\t<\/div>\n\t\t\t\t<\/div>\n\t\t<div class=\"elementor-element elementor-element-e109680 e-flex e-con-boxed e-con e-parent\" data-id=\"e109680\" data-element_type=\"container\" data-e-type=\"container\">\n\t\t\t\t\t<div class=\"e-con-inner\">\n\t\t<div class=\"elementor-element elementor-element-b93b8a9 e-con-full e-flex e-con e-child\" data-id=\"b93b8a9\" data-element_type=\"container\" data-e-type=\"container\">\n\t\t\t\t<div class=\"elementor-element elementor-element-a3e0b7f elementor-widget elementor-widget-heading\" data-id=\"a3e0b7f\" data-element_type=\"widget\" data-e-type=\"widget\" data-widget_type=\"heading.default\">\n\t\t\t\t<div class=\"elementor-widget-container\">\n\t\t\t\t\t<h4 class=\"elementor-heading-title elementor-size-default\">WIRTSCHAFTSKAMMER STEIERMARK<\/h4>\t\t\t\t<\/div>\n\t\t\t\t<\/div>\n\t\t\t\t<div class=\"elementor-element elementor-element-681c40e elementor-widget elementor-widget-text-editor\" data-id=\"681c40e\" data-element_type=\"widget\" data-e-type=\"widget\" data-widget_type=\"text-editor.default\">\n\t\t\t\t<div class=\"elementor-widget-container\">\n\t\t\t\t\t\t\t\t\t<p>La C\u00e1mara Econ\u00f3mica Federal de Austria (WK\u00d6) representa los intereses de la comunidad empresarial austriaca y act\u00faa como organizaci\u00f3n central nacional de nueve C\u00e1maras estatales regionales y 110 asociaciones comerciales. La C\u00e1mara Econ\u00f3mica de Estiria, con sede en Graz, apoya a unas 68.000 empresas y gestiona el Instituto de Formaci\u00f3n Profesional (WIFI), que ofrece m\u00e1s de 3.000 cursos anuales en diversos campos, centrados en innovaciones industriales y formaci\u00f3n profesional.<\/p>\t\t\t\t\t\t\t\t<\/div>\n\t\t\t\t<\/div>\n\t\t\t\t<\/div>\n\t\t<div class=\"elementor-element elementor-element-efea150 e-con-full e-flex e-con e-child\" data-id=\"efea150\" data-element_type=\"container\" data-e-type=\"container\">\n\t\t\t\t<div class=\"elementor-element elementor-element-912c60b elementor-widget elementor-widget-image\" data-id=\"912c60b\" data-element_type=\"widget\" data-e-type=\"widget\" data-widget_type=\"image.default\">\n\t\t\t\t<div class=\"elementor-widget-container\">\n\t\t\t\t\t\t\t\t\t\t\t\t\t\t\t\t<a href=\"https:\/\/room466.at\/en\/digital-novel-learning-forms\/pathfinder\/\" target=\"_blank\">\n\t\t\t\t\t\t\t<img loading=\"lazy\" decoding=\"async\" width=\"1056\" height=\"792\" src=\"https:\/\/pathfinder-plus.eu\/wp-content\/uploads\/2024\/06\/4.png\" class=\"attachment-full size-full wp-image-1978\" alt=\"\" srcset=\"https:\/\/pathfinder-plus.eu\/wp-content\/uploads\/2024\/06\/4.png 1056w, https:\/\/pathfinder-plus.eu\/wp-content\/uploads\/2024\/06\/4-300x225.png 300w, https:\/\/pathfinder-plus.eu\/wp-content\/uploads\/2024\/06\/4-1024x768.png 1024w, https:\/\/pathfinder-plus.eu\/wp-content\/uploads\/2024\/06\/4-768x576.png 768w\" sizes=\"(max-width: 1056px) 100vw, 1056px\" \/>\t\t\t\t\t\t\t\t<\/a>\n\t\t\t\t\t\t\t\t\t\t\t\t\t\t\t<\/div>\n\t\t\t\t<\/div>\n\t\t\t\t<\/div>\n\t\t\t\t\t<\/div>\n\t\t\t\t<\/div>\n\t\t<div class=\"elementor-element elementor-element-e1844e3 e-flex e-con-boxed e-con e-parent\" data-id=\"e1844e3\" data-element_type=\"container\" data-e-type=\"container\">\n\t\t\t\t\t<div class=\"e-con-inner\">\n\t\t<div class=\"elementor-element elementor-element-f4e45cf e-con-full e-flex e-con e-child\" data-id=\"f4e45cf\" data-element_type=\"container\" data-e-type=\"container\">\n\t\t\t\t<div class=\"elementor-element elementor-element-3150064 elementor-widget elementor-widget-heading\" data-id=\"3150064\" data-element_type=\"widget\" data-e-type=\"widget\" data-widget_type=\"heading.default\">\n\t\t\t\t<div class=\"elementor-widget-container\">\n\t\t\t\t\t<h4 class=\"elementor-heading-title elementor-size-default\">INSTITOYTO KOINONIKIS KAINOTOMIAS KAI SYNOXIS<\/h4>\t\t\t\t<\/div>\n\t\t\t\t<\/div>\n\t\t\t\t<div class=\"elementor-element elementor-element-070cfd8 elementor-widget elementor-widget-text-editor\" data-id=\"070cfd8\" data-element_type=\"widget\" data-e-type=\"widget\" data-widget_type=\"text-editor.default\">\n\t\t\t\t<div class=\"elementor-widget-container\">\n\t\t\t\t\t\t\t\t\t<p>El Instituto de Innovaci\u00f3n y Cohesi\u00f3n Social (Fifty-Fifty) es una organizaci\u00f3n de la sociedad civil que promueve el aprendizaje permanente, las iniciativas transnacionales y la educaci\u00f3n no formal para j\u00f3venes, adultos y profesionales con el fin de mejorar la cohesi\u00f3n social. Sus actividades se centran en la igualdad de oportunidades de aprendizaje, los derechos humanos, el di\u00e1logo intercultural, la movilidad, el voluntariado, las competencias digitales y las competencias ecol\u00f3gicas a trav\u00e9s de talleres, seminarios y sesiones de formaci\u00f3n.<\/p>\t\t\t\t\t\t\t\t<\/div>\n\t\t\t\t<\/div>\n\t\t\t\t<\/div>\n\t\t<div class=\"elementor-element elementor-element-3dffdc1 e-con-full e-flex e-con e-child\" data-id=\"3dffdc1\" data-element_type=\"container\" data-e-type=\"container\">\n\t\t\t\t<div class=\"elementor-element elementor-element-9848074 elementor-widget elementor-widget-image\" data-id=\"9848074\" data-element_type=\"widget\" data-e-type=\"widget\" data-widget_type=\"image.default\">\n\t\t\t\t<div class=\"elementor-widget-container\">\n\t\t\t\t\t\t\t\t\t\t\t\t\t\t\t\t<a href=\"https:\/\/fifty-fifty.gr\/pathfinder\/\" target=\"_blank\">\n\t\t\t\t\t\t\t<img loading=\"lazy\" decoding=\"async\" width=\"1056\" height=\"792\" src=\"https:\/\/pathfinder-plus.eu\/wp-content\/uploads\/2024\/06\/5.png\" class=\"attachment-full size-full wp-image-1979\" alt=\"\" srcset=\"https:\/\/pathfinder-plus.eu\/wp-content\/uploads\/2024\/06\/5.png 1056w, https:\/\/pathfinder-plus.eu\/wp-content\/uploads\/2024\/06\/5-300x225.png 300w, https:\/\/pathfinder-plus.eu\/wp-content\/uploads\/2024\/06\/5-1024x768.png 1024w, https:\/\/pathfinder-plus.eu\/wp-content\/uploads\/2024\/06\/5-768x576.png 768w\" sizes=\"(max-width: 1056px) 100vw, 1056px\" \/>\t\t\t\t\t\t\t\t<\/a>\n\t\t\t\t\t\t\t\t\t\t\t\t\t\t\t<\/div>\n\t\t\t\t<\/div>\n\t\t\t\t<\/div>\n\t\t\t\t\t<\/div>\n\t\t\t\t<\/div>\n\t\t<div class=\"elementor-element elementor-element-4781f71 e-flex e-con-boxed e-con e-parent\" data-id=\"4781f71\" data-element_type=\"container\" data-e-type=\"container\">\n\t\t\t\t\t<div class=\"e-con-inner\">\n\t\t<div class=\"elementor-element elementor-element-040d2e2 e-con-full e-flex e-con e-child\" data-id=\"040d2e2\" data-element_type=\"container\" data-e-type=\"container\">\n\t\t\t\t<div class=\"elementor-element elementor-element-61fa644 elementor-widget elementor-widget-heading\" data-id=\"61fa644\" data-element_type=\"widget\" data-e-type=\"widget\" data-widget_type=\"heading.default\">\n\t\t\t\t<div class=\"elementor-widget-container\">\n\t\t\t\t\t<h4 class=\"elementor-heading-title elementor-size-default\"> Universidad Tecnol\u00f3gica de Kaunas<\/h4>\t\t\t\t<\/div>\n\t\t\t\t<\/div>\n\t\t\t\t<div class=\"elementor-element elementor-element-bb9bbfb elementor-widget elementor-widget-text-editor\" data-id=\"bb9bbfb\" data-element_type=\"widget\" data-e-type=\"widget\" data-widget_type=\"text-editor.default\">\n\t\t\t\t<div class=\"elementor-widget-container\">\n\t\t\t\t\t\t\t\t\t<p>La instituci\u00f3n ofrece una cartera de programas de estudio competitiva, procesos de estudio modernos, estudiantes motivados y profesores altamente competentes, con una investigaci\u00f3n y un desarrollo alineados con las necesidades de la sociedad. Hace hincapi\u00e9 en la transferencia de tecnolog\u00eda e innovaci\u00f3n, cuenta con modernas infraestructuras para la investigaci\u00f3n de alto nivel y fomenta una comunidad leal y orientada a la consecuci\u00f3n de objetivos.<\/p>\t\t\t\t\t\t\t\t<\/div>\n\t\t\t\t<\/div>\n\t\t\t\t<\/div>\n\t\t<div class=\"elementor-element elementor-element-509ca31 e-con-full e-flex e-con e-child\" data-id=\"509ca31\" data-element_type=\"container\" data-e-type=\"container\">\n\t\t\t\t<div class=\"elementor-element elementor-element-f466203 elementor-widget elementor-widget-image\" data-id=\"f466203\" data-element_type=\"widget\" data-e-type=\"widget\" data-widget_type=\"image.default\">\n\t\t\t\t<div class=\"elementor-widget-container\">\n\t\t\t\t\t\t\t\t\t\t\t\t\t\t\t\t<a href=\"https:\/\/seb.ktu.edu\/projects\/paving-the-way-for-digital-learning-in-higher-education-with-enterprise-community-pathfinder\/\" target=\"_blank\">\n\t\t\t\t\t\t\t<img loading=\"lazy\" decoding=\"async\" width=\"1056\" height=\"792\" src=\"https:\/\/pathfinder-plus.eu\/wp-content\/uploads\/2024\/06\/6.png\" class=\"attachment-full size-full wp-image-1980\" alt=\"\" srcset=\"https:\/\/pathfinder-plus.eu\/wp-content\/uploads\/2024\/06\/6.png 1056w, https:\/\/pathfinder-plus.eu\/wp-content\/uploads\/2024\/06\/6-300x225.png 300w, https:\/\/pathfinder-plus.eu\/wp-content\/uploads\/2024\/06\/6-1024x768.png 1024w, https:\/\/pathfinder-plus.eu\/wp-content\/uploads\/2024\/06\/6-768x576.png 768w\" sizes=\"(max-width: 1056px) 100vw, 1056px\" \/>\t\t\t\t\t\t\t\t<\/a>\n\t\t\t\t\t\t\t\t\t\t\t\t\t\t\t<\/div>\n\t\t\t\t<\/div>\n\t\t\t\t<\/div>\n\t\t\t\t\t<\/div>\n\t\t\t\t<\/div>\n\t\t<div class=\"elementor-element elementor-element-9913187 e-flex e-con-boxed e-con e-parent\" data-id=\"9913187\" data-element_type=\"container\" data-e-type=\"container\" data-settings=\"{&quot;background_background&quot;:&quot;classic&quot;}\">\n\t\t\t\t\t<div class=\"e-con-inner\">\n\t\t<div class=\"elementor-element elementor-element-0f074f2 e-con-full e-flex e-con e-child\" data-id=\"0f074f2\" data-element_type=\"container\" data-e-type=\"container\">\n\t\t\t\t<div class=\"elementor-element elementor-element-c2230aa elementor-widget elementor-widget-heading\" data-id=\"c2230aa\" data-element_type=\"widget\" data-e-type=\"widget\" data-widget_type=\"heading.default\">\n\t\t\t\t<div class=\"elementor-widget-container\">\n\t\t\t\t\t<h2 class=\"elementor-heading-title elementor-size-default\">Hable con nosotros<\/h2>\t\t\t\t<\/div>\n\t\t\t\t<\/div>\n\t\t\t\t<div class=\"elementor-element elementor-element-14b235b elementor-widget elementor-widget-text-editor\" data-id=\"14b235b\" data-element_type=\"widget\" data-e-type=\"widget\" data-widget_type=\"text-editor.default\">\n\t\t\t\t<div class=\"elementor-widget-container\">\n\t\t\t\t\t\t\t\t\t<p>\u00bfTiene alguna pregunta? Siempre estamos abiertos a hablar de nuestro negocio, nuevos proyectos, oportunidades creativas y c\u00f3mo podemos ayudarle.<\/p>\t\t\t\t\t\t\t\t<\/div>\n\t\t\t\t<\/div>\n\t\t\t\t<div class=\"elementor-element elementor-element-4f55473 elementor-align-center elementor-widget elementor-widget-button\" data-id=\"4f55473\" data-element_type=\"widget\" data-e-type=\"widget\" data-widget_type=\"button.default\">\n\t\t\t\t<div class=\"elementor-widget-container\">\n\t\t\t\t\t\t\t\t\t<div class=\"elementor-button-wrapper\">\n\t\t\t\t\t<a class=\"elementor-button elementor-button-link elementor-size-sm\" href=\"https:\/\/pathfinder-plus.eu\/es\/contact\/\" target=\"_blank\">\n\t\t\t\t\t\t<span class=\"elementor-button-content-wrapper\">\n\t\t\t\t\t\t\t\t\t<span class=\"elementor-button-text\">P\u00f3ngase en contacto<\/span>\n\t\t\t\t\t<\/span>\n\t\t\t\t\t<\/a>\n\t\t\t\t<\/div>\n\t\t\t\t\t\t\t\t<\/div>\n\t\t\t\t<\/div>\n\t\t\t\t<\/div>\n\t\t\t\t\t<\/div>\n\t\t\t\t<\/div>\n\t\t\t\t<\/div>","protected":false},"excerpt":{"rendered":"<p>Our Partners FUNDACION EMPRESA UNIVERSIDAD DE ALICANTE DE LA COMUNIDAD VALENCIANA The Enterprise University of Alicante Foundation (FUNDEUN) is a Spanish non-profit connecting the University of Alicante with local businesses for over 33 years, fostering dialogue, research transfer, startup support, and professional development through its multidisciplinary team. It collaborates with 92 partners from various sectors [&hellip;]<\/p>\n","protected":false},"author":2,"featured_media":0,"parent":0,"menu_order":0,"comment_status":"closed","ping_status":"closed","template":"","meta":{"site-sidebar-layout":"no-sidebar","site-content-layout":"page-builder","ast-site-content-layout":"full-width-container","site-content-style":"unboxed","site-sidebar-style":"unboxed","ast-global-header-display":"","ast-banner-title-visibility":"","ast-main-header-display":"","ast-hfb-above-header-display":"","ast-hfb-below-header-display":"","ast-hfb-mobile-header-display":"","site-post-title":"disabled","ast-breadcrumbs-content":"","ast-featured-img":"disabled","footer-sml-layout":"","theme-transparent-header-meta":"enabled","adv-header-id-meta":"","stick-header-meta":"","header-above-stick-meta":"","header-main-stick-meta":"","header-below-stick-meta":"","astra-migrate-meta-layouts":"set","ast-page-background-enabled":"default","ast-page-background-meta":{"desktop":{"background-color":"var(--ast-global-color-4)","background-image":"","background-repeat":"repeat","background-position":"center center","background-size":"auto","background-attachment":"scroll","background-type":"","background-media":"","overlay-type":"","overlay-color":"","overlay-opacity":"","overlay-gradient":""},"tablet":{"background-color":"","background-image":"","background-repeat":"repeat","background-position":"center center","background-size":"auto","background-attachment":"scroll","background-type":"","background-media":"","overlay-type":"","overlay-color":"","overlay-opacity":"","overlay-gradient":""},"mobile":{"background-color":"","background-image":"","background-repeat":"repeat","background-position":"center center","background-size":"auto","background-attachment":"scroll","background-type":"","background-media":"","overlay-type":"","overlay-color":"","overlay-opacity":"","overlay-gradient":""}},"ast-content-background-meta":{"desktop":{"background-color":"var(--ast-global-color-5)","background-image":"","background-repeat":"repeat","background-position":"center center","background-size":"auto","background-attachment":"scroll","background-type":"","background-media":"","overlay-type":"","overlay-color":"","overlay-opacity":"","overlay-gradient":""},"tablet":{"background-color":"var(--ast-global-color-5)","background-image":"","background-repeat":"repeat","background-position":"center center","background-size":"auto","background-attachment":"scroll","background-type":"","background-media":"","overlay-type":"","overlay-color":"","overlay-opacity":"","overlay-gradient":""},"mobile":{"background-color":"var(--ast-global-color-5)","background-image":"","background-repeat":"repeat","background-position":"center center","background-size":"auto","background-attachment":"scroll","background-type":"","background-media":"","overlay-type":"","overlay-color":"","overlay-opacity":"","overlay-gradient":""}},"footnotes":""},"class_list":["post-1959","page","type-page","status-publish","hentry"],"_links":{"self":[{"href":"https:\/\/pathfinder-plus.eu\/es\/wp-json\/wp\/v2\/pages\/1959","targetHints":{"allow":["GET"]}}],"collection":[{"href":"https:\/\/pathfinder-plus.eu\/es\/wp-json\/wp\/v2\/pages"}],"about":[{"href":"https:\/\/pathfinder-plus.eu\/es\/wp-json\/wp\/v2\/types\/page"}],"author":[{"embeddable":true,"href":"https:\/\/pathfinder-plus.eu\/es\/wp-json\/wp\/v2\/users\/2"}],"replies":[{"embeddable":true,"href":"https:\/\/pathfinder-plus.eu\/es\/wp-json\/wp\/v2\/comments?post=1959"}],"version-history":[{"count":64,"href":"https:\/\/pathfinder-plus.eu\/es\/wp-json\/wp\/v2\/pages\/1959\/revisions"}],"predecessor-version":[{"id":5723,"href":"https:\/\/pathfinder-plus.eu\/es\/wp-json\/wp\/v2\/pages\/1959\/revisions\/5723"}],"wp:attachment":[{"href":"https:\/\/pathfinder-plus.eu\/es\/wp-json\/wp\/v2\/media?parent=1959"}],"curies":[{"name":"wp","href":"https:\/\/api.w.org\/{rel}","templated":true}]}}