{"id":2172,"date":"2025-04-17T13:18:07","date_gmt":"2025-04-17T13:18:07","guid":{"rendered":"https:\/\/pathfinder-plus.eu\/?page_id=2172"},"modified":"2026-03-09T12:55:35","modified_gmt":"2026-03-09T12:55:35","slug":"about","status":"publish","type":"page","link":"https:\/\/pathfinder-plus.eu\/es\/about\/","title":{"rendered":"Acerca de"},"content":{"rendered":"<div data-elementor-type=\"wp-page\" data-elementor-id=\"2172\" class=\"elementor elementor-2172\">\n\t\t\t\t<div class=\"elementor-element elementor-element-4094ee7 e-flex e-con-boxed e-con e-parent\" data-id=\"4094ee7\" data-element_type=\"container\" data-e-type=\"container\" data-settings=\"{&quot;background_background&quot;:&quot;classic&quot;}\">\n\t\t\t\t\t<div class=\"e-con-inner\">\n\t\t<div class=\"elementor-element elementor-element-8695738 e-con-full e-flex e-con e-child\" data-id=\"8695738\" data-element_type=\"container\" data-e-type=\"container\">\n\t\t\t\t<div class=\"elementor-element elementor-element-2646c9c elementor-widget elementor-widget-heading\" data-id=\"2646c9c\" data-element_type=\"widget\" data-e-type=\"widget\" data-widget_type=\"heading.default\">\n\t\t\t\t<div class=\"elementor-widget-container\">\n\t\t\t\t\t<h1 class=\"elementor-heading-title elementor-size-default\">\u00bfQui\u00e9nes somos?<\/h1>\t\t\t\t<\/div>\n\t\t\t\t<\/div>\n\t\t\t\t<\/div>\n\t\t\t\t\t<\/div>\n\t\t\t\t<\/div>\n\t\t<div class=\"elementor-element elementor-element-e90f62c e-flex e-con-boxed e-con e-parent\" data-id=\"e90f62c\" data-element_type=\"container\" data-e-type=\"container\">\n\t\t\t\t\t<div class=\"e-con-inner\">\n\t\t<div class=\"elementor-element elementor-element-b29abee e-con-full e-flex e-con e-child\" data-id=\"b29abee\" data-element_type=\"container\" data-e-type=\"container\">\n\t\t\t\t<div class=\"elementor-element elementor-element-f095111 elementor-widget elementor-widget-heading\" data-id=\"f095111\" data-element_type=\"widget\" data-e-type=\"widget\" data-widget_type=\"heading.default\">\n\t\t\t\t<div class=\"elementor-widget-container\">\n\t\t\t\t\t<h2 class=\"elementor-heading-title elementor-size-default\">Nuestra misi\u00f3n<\/h2>\t\t\t\t<\/div>\n\t\t\t\t<\/div>\n\t\t\t\t<div class=\"elementor-element elementor-element-5990b83 elementor-widget elementor-widget-text-editor\" data-id=\"5990b83\" data-element_type=\"widget\" data-e-type=\"widget\" data-widget_type=\"text-editor.default\">\n\t\t\t\t<div class=\"elementor-widget-container\">\n\t\t\t\t\t\t\t\t\t<p>El proyecto PATHFINDER+ tiene como objetivo abordar las m\u00faltiples motivaciones que subyacen al dise\u00f1o de un repositorio de aprendizaje digital en la Educaci\u00f3n Superior (HED) para el desarrollo de comunidades empresariales, con especial atenci\u00f3n al desarrollo de empresas comunitarias. En primer lugar, mediante el desarrollo de un programa educativo de aprendizaje combinado y los recursos asociados, el proyecto pretende crear una oferta educativa completa y accesible que atienda a las diversas necesidades de los alumnos, incluidas las instituciones de educaci\u00f3n superior, las agencias de acreditaci\u00f3n y los emprendedores\/innovadores sociales. En segundo lugar, el proyecto se esfuerza por promover el fomento de empresas dirigidas por la comunidad y propiedad de la comunidad como medio de fomentar el compromiso c\u00edvico y capacitar a las personas para que se apropien de sus econom\u00edas locales. Este enfoque promueve la colaboraci\u00f3n y la sostenibilidad a la hora de abordar los retos sociales y econ\u00f3micos. Adem\u00e1s, los conocimientos, habilidades y competencias adquiridos a trav\u00e9s del Proyecto PATHFINDER+ pueden capacitar a los graduados universitarios y a los innovadores sociales para abordar las necesidades de los grupos marginados y las localidades desfavorecidas. Al dotar a los estudiantes de las herramientas necesarias para crear riqueza y promover la inclusi\u00f3n social, especialmente para aquellos que han sido marginados dentro de los sistemas de mercado tradicionales, el proyecto contribuye a construir comunidades m\u00e1s inclusivas y sostenibles.<\/p><p><br \/>El dise\u00f1o del proyecto se basa en cuatro pilares fundamentales: escalabilidad, acceso, personalizaci\u00f3n y colaboraci\u00f3n. Estos pilares permiten crear un repositorio digital de aprendizaje capaz de albergar una amplia gama de recursos educativos, accesibles desde cualquier lugar y en cualquier momento. Los itinerarios de aprendizaje personalizados y adaptados a las necesidades individuales o de grupo fomentan la inclusi\u00f3n y el compromiso, mientras que la colaboraci\u00f3n entre alumnos y expertos fomenta el sentido de comunidad y el intercambio de conocimientos dentro de la comunidad empresarial. Los objetivos del proyecto PATHFINDER+ est\u00e1n definidos para alcanzar sus metas generales. Entre ellos se incluyen proporcionar una oferta educativa completa sobre el desarrollo de empresas comunitarias, capacitar a los alumnos para crear soluciones sostenibles, promover el compromiso c\u00edvico a trav\u00e9s de empresas dirigidas por la comunidad y dotar a los graduados universitarios y a los innovadores sociales de las habilidades necesarias para abordar eficazmente los retos de la sociedad.<\/p>\t\t\t\t\t\t\t\t<\/div>\n\t\t\t\t<\/div>\n\t\t\t\t<div class=\"elementor-element elementor-element-62cae30 elementor-widget elementor-widget-heading\" data-id=\"62cae30\" data-element_type=\"widget\" data-e-type=\"widget\" data-widget_type=\"heading.default\">\n\t\t\t\t<div class=\"elementor-widget-container\">\n\t\t\t\t\t<h2 class=\"elementor-heading-title elementor-size-default\">El proyecto se dirige a tres grupos principales:<\/h2>\t\t\t\t<\/div>\n\t\t\t\t<\/div>\n\t\t\t\t<div class=\"elementor-element elementor-element-0a97a4c elementor-widget elementor-widget-text-editor\" data-id=\"0a97a4c\" data-element_type=\"widget\" data-e-type=\"widget\" data-widget_type=\"text-editor.default\">\n\t\t\t\t<div class=\"elementor-widget-container\">\n\t\t\t\t\t\t\t\t\t<ul><li class=\"translation-block\"><b>1. Instituciones de educaci\u00f3n superior y estudiantes: <\/b>El proyecto busca desarrollar un programa educativo de aprendizaje combinado y recursos de ense\u00f1anza\/aprendizaje asociados adaptados a instituciones de educaci\u00f3n superior. Estos recursos pretenden mejorar los conocimientos, habilidades y competencias de los estudiantes interesados en el desarrollo de empresas comunitarias y el emprendimiento social. Al dotar a los estudiantes de estas capacidades, el proyecto pretende capacitarlos para realizar contribuciones positivas a sus comunidades, promoviendo la inclusi\u00f3n social y el compromiso c\u00edvico.<\/li><li><b>2. Organismos de acreditaci\u00f3n<\/b>: PATHFINDER+ tiene como objetivo proporcionar un repositorio de recursos de aprendizaje digitales que las agencias de acreditaci\u00f3n puedan utilizar para garantizar la calidad de la educaci\u00f3n y la formaci\u00f3n impartida por las instituciones de educaci\u00f3n superior en el \u00e1mbito del desarrollo de empresas comunitarias. Estos recursos permitir\u00e1n a las agencias de acreditaci\u00f3n identificar y reflexionar sobre las mejores pr\u00e1cticas en empresas comunitarias de \u00e9xito, mejorando as\u00ed el proceso de acreditaci\u00f3n y promoviendo la excelencia en la educaci\u00f3n.<\/li><li class=\"translation-block\">El proyecto se dirige a emprendedores sociales e innovadores, ofreci\u00e9ndoles los conocimientos, habilidades y competencias necesarios para capacitar a grupos marginados y lugares desfavorecidos. Mediante el desarrollo de un programa de estudios completo y de recursos de ense\u00f1anza y aprendizaje asociados, centrados en los modelos de empresa comunitaria, el liderazgo, los recursos humanos y la gesti\u00f3n operativa, los emprendedores sociales y los innovadores pueden abordar eficazmente los retos sociales y econ\u00f3micos. Esto les capacita para crear riqueza y promover la inclusi\u00f3n social, especialmente entre aquellos que han sido marginados dentro de los sistemas de mercado convencionales.<\/li><\/ul>\t\t\t\t\t\t\t\t<\/div>\n\t\t\t\t<\/div>\n\t\t\t\t<\/div>\n\t\t\t\t\t<\/div>\n\t\t\t\t<\/div>\n\t\t<div class=\"elementor-element elementor-element-9913187 e-flex e-con-boxed e-con e-parent\" data-id=\"9913187\" data-element_type=\"container\" data-e-type=\"container\" data-settings=\"{&quot;background_background&quot;:&quot;classic&quot;}\">\n\t\t\t\t\t<div class=\"e-con-inner\">\n\t\t<div class=\"elementor-element elementor-element-0f074f2 e-con-full e-flex e-con e-child\" data-id=\"0f074f2\" data-element_type=\"container\" data-e-type=\"container\">\n\t\t\t\t<div class=\"elementor-element elementor-element-c2230aa elementor-widget elementor-widget-heading\" data-id=\"c2230aa\" data-element_type=\"widget\" data-e-type=\"widget\" data-widget_type=\"heading.default\">\n\t\t\t\t<div class=\"elementor-widget-container\">\n\t\t\t\t\t<h2 class=\"elementor-heading-title elementor-size-default\">Hable con nosotros<\/h2>\t\t\t\t<\/div>\n\t\t\t\t<\/div>\n\t\t\t\t<div class=\"elementor-element elementor-element-14b235b elementor-widget elementor-widget-text-editor\" data-id=\"14b235b\" data-element_type=\"widget\" data-e-type=\"widget\" data-widget_type=\"text-editor.default\">\n\t\t\t\t<div class=\"elementor-widget-container\">\n\t\t\t\t\t\t\t\t\t<p>\u00bfTiene alguna pregunta? Siempre estamos abiertos a hablar de nuestro negocio, nuevos proyectos, oportunidades creativas y c\u00f3mo podemos ayudarle.<\/p>\t\t\t\t\t\t\t\t<\/div>\n\t\t\t\t<\/div>\n\t\t\t\t<div class=\"elementor-element elementor-element-4f55473 elementor-align-center elementor-widget elementor-widget-button\" data-id=\"4f55473\" data-element_type=\"widget\" data-e-type=\"widget\" data-widget_type=\"button.default\">\n\t\t\t\t<div class=\"elementor-widget-container\">\n\t\t\t\t\t\t\t\t\t<div class=\"elementor-button-wrapper\">\n\t\t\t\t\t<a class=\"elementor-button elementor-button-link elementor-size-sm\" href=\"https:\/\/pathfinder-plus.eu\/es\/contact\/\" target=\"_blank\">\n\t\t\t\t\t\t<span class=\"elementor-button-content-wrapper\">\n\t\t\t\t\t\t\t\t\t<span class=\"elementor-button-text\">P\u00f3ngase en contacto<\/span>\n\t\t\t\t\t<\/span>\n\t\t\t\t\t<\/a>\n\t\t\t\t<\/div>\n\t\t\t\t\t\t\t\t<\/div>\n\t\t\t\t<\/div>\n\t\t\t\t<\/div>\n\t\t\t\t\t<\/div>\n\t\t\t\t<\/div>\n\t\t\t\t<\/div>","protected":false},"excerpt":{"rendered":"<p>Who are we? Our Mission The PATHFINDER+ Project aims to address the multifaceted motivations behind designing a digital learning repository in Higher Education (HED) for Enterprise Community development, with a particular focus on community enterprise development. Firstly, by developing a blended learning educational programme and associated resources, the project seeks to create a comprehensive and [&hellip;]<\/p>\n","protected":false},"author":2,"featured_media":0,"parent":0,"menu_order":0,"comment_status":"closed","ping_status":"closed","template":"","meta":{"site-sidebar-layout":"no-sidebar","site-content-layout":"page-builder","ast-site-content-layout":"full-width-container","site-content-style":"unboxed","site-sidebar-style":"unboxed","ast-global-header-display":"","ast-banner-title-visibility":"","ast-main-header-display":"","ast-hfb-above-header-display":"","ast-hfb-below-header-display":"","ast-hfb-mobile-header-display":"","site-post-title":"disabled","ast-breadcrumbs-content":"","ast-featured-img":"disabled","footer-sml-layout":"","theme-transparent-header-meta":"enabled","adv-header-id-meta":"","stick-header-meta":"","header-above-stick-meta":"","header-main-stick-meta":"","header-below-stick-meta":"","astra-migrate-meta-layouts":"set","ast-page-background-enabled":"default","ast-page-background-meta":{"desktop":{"background-color":"var(--ast-global-color-4)","background-image":"","background-repeat":"repeat","background-position":"center center","background-size":"auto","background-attachment":"scroll","background-type":"","background-media":"","overlay-type":"","overlay-color":"","overlay-opacity":"","overlay-gradient":""},"tablet":{"background-color":"","background-image":"","background-repeat":"repeat","background-position":"center center","background-size":"auto","background-attachment":"scroll","background-type":"","background-media":"","overlay-type":"","overlay-color":"","overlay-opacity":"","overlay-gradient":""},"mobile":{"background-color":"","background-image":"","background-repeat":"repeat","background-position":"center center","background-size":"auto","background-attachment":"scroll","background-type":"","background-media":"","overlay-type":"","overlay-color":"","overlay-opacity":"","overlay-gradient":""}},"ast-content-background-meta":{"desktop":{"background-color":"var(--ast-global-color-5)","background-image":"","background-repeat":"repeat","background-position":"center center","background-size":"auto","background-attachment":"scroll","background-type":"","background-media":"","overlay-type":"","overlay-color":"","overlay-opacity":"","overlay-gradient":""},"tablet":{"background-color":"var(--ast-global-color-5)","background-image":"","background-repeat":"repeat","background-position":"center center","background-size":"auto","background-attachment":"scroll","background-type":"","background-media":"","overlay-type":"","overlay-color":"","overlay-opacity":"","overlay-gradient":""},"mobile":{"background-color":"var(--ast-global-color-5)","background-image":"","background-repeat":"repeat","background-position":"center center","background-size":"auto","background-attachment":"scroll","background-type":"","background-media":"","overlay-type":"","overlay-color":"","overlay-opacity":"","overlay-gradient":""}},"footnotes":""},"class_list":["post-2172","page","type-page","status-publish","hentry"],"_links":{"self":[{"href":"https:\/\/pathfinder-plus.eu\/es\/wp-json\/wp\/v2\/pages\/2172","targetHints":{"allow":["GET"]}}],"collection":[{"href":"https:\/\/pathfinder-plus.eu\/es\/wp-json\/wp\/v2\/pages"}],"about":[{"href":"https:\/\/pathfinder-plus.eu\/es\/wp-json\/wp\/v2\/types\/page"}],"author":[{"embeddable":true,"href":"https:\/\/pathfinder-plus.eu\/es\/wp-json\/wp\/v2\/users\/2"}],"replies":[{"embeddable":true,"href":"https:\/\/pathfinder-plus.eu\/es\/wp-json\/wp\/v2\/comments?post=2172"}],"version-history":[{"count":5,"href":"https:\/\/pathfinder-plus.eu\/es\/wp-json\/wp\/v2\/pages\/2172\/revisions"}],"predecessor-version":[{"id":5717,"href":"https:\/\/pathfinder-plus.eu\/es\/wp-json\/wp\/v2\/pages\/2172\/revisions\/5717"}],"wp:attachment":[{"href":"https:\/\/pathfinder-plus.eu\/es\/wp-json\/wp\/v2\/media?parent=2172"}],"curies":[{"name":"wp","href":"https:\/\/api.w.org\/{rel}","templated":true}]}}