{"id":1848,"date":"2024-06-05T09:59:47","date_gmt":"2024-06-05T09:59:47","guid":{"rendered":"https:\/\/pathfinder-plus.eu\/?page_id=1848"},"modified":"2026-03-23T10:19:36","modified_gmt":"2026-03-23T10:19:36","slug":"objectives","status":"publish","type":"page","link":"https:\/\/pathfinder-plus.eu\/lt\/objectives\/","title":{"rendered":"Tikslai"},"content":{"rendered":"<div data-elementor-type=\"wp-page\" data-elementor-id=\"1848\" class=\"elementor elementor-1848\">\n\t\t\t\t<div class=\"elementor-element elementor-element-4094ee7 e-flex e-con-boxed e-con e-parent\" data-id=\"4094ee7\" data-element_type=\"container\" data-e-type=\"container\" data-settings=\"{&quot;background_background&quot;:&quot;classic&quot;}\">\n\t\t\t\t\t<div class=\"e-con-inner\">\n\t\t<div class=\"elementor-element elementor-element-8695738 e-con-full e-flex e-con e-child\" data-id=\"8695738\" data-element_type=\"container\" data-e-type=\"container\">\n\t\t\t\t<div class=\"elementor-element elementor-element-2646c9c elementor-widget elementor-widget-heading\" data-id=\"2646c9c\" data-element_type=\"widget\" data-e-type=\"widget\" data-widget_type=\"heading.default\">\n\t\t\t\t<div class=\"elementor-widget-container\">\n\t\t\t\t\t<h1 class=\"elementor-heading-title elementor-size-default\">Projekto tikslai<\/h1>\t\t\t\t<\/div>\n\t\t\t\t<\/div>\n\t\t\t\t<\/div>\n\t\t\t\t\t<\/div>\n\t\t\t\t<\/div>\n\t\t<div class=\"elementor-element elementor-element-e90f62c e-flex e-con-boxed e-con e-parent\" data-id=\"e90f62c\" data-element_type=\"container\" data-e-type=\"container\">\n\t\t\t\t\t<div class=\"e-con-inner\">\n\t\t<div class=\"elementor-element elementor-element-b29abee e-con-full e-flex e-con e-child\" data-id=\"b29abee\" data-element_type=\"container\" data-e-type=\"container\">\n\t\t\t\t<div class=\"elementor-element elementor-element-f095111 elementor-widget elementor-widget-heading\" data-id=\"f095111\" data-element_type=\"widget\" data-e-type=\"widget\" data-widget_type=\"heading.default\">\n\t\t\t\t<div class=\"elementor-widget-container\">\n\t\t\t\t\t<h2 class=\"elementor-heading-title elementor-size-default\">Projekto tikslai<\/h2>\t\t\t\t<\/div>\n\t\t\t\t<\/div>\n\t\t\t\t<div class=\"elementor-element elementor-element-5990b83 elementor-widget elementor-widget-text-editor\" data-id=\"5990b83\" data-element_type=\"widget\" data-e-type=\"widget\" data-widget_type=\"text-editor.default\">\n\t\t\t\t<div class=\"elementor-widget-container\">\n\t\t\t\t\t\t\t\t\t<p>Projekto, kaip HED skaitmenin\u0117s mokymosi saugyklos, skirtos bendruomen\u0117s \u012fmoni\u0173 pl\u0117trai, tikslas - sukurti mi\u0161riojo mokymosi mokymo program\u0105 ir susijusius mokymo\/mokymosi i\u0161teklius auk\u0161tojo mokslo institucijoms, akreditavimo agent\u016broms ir socialiniams verslininkams\/novatoriams inovatyvia bendruomen\u0117s \u012fmoni\u0173 pl\u0117tros tema:<\/p><ul><li>1 tikslas: Suteikti i\u0161sami\u0105 \u0161vietimo pasi\u016bl\u0105, apiman\u010di\u0105 bendruomen\u0117s \u012fmoni\u0173 pl\u0117tros tem\u0105, \u012fskaitant \u017einias, \u012fg\u016bd\u017eius ir kompetencijas, kuri\u0173 reikia kuriant ir valdant bendruomen\u0117s valdomas ir bendruomenei priklausan\u010dias \u012fmones \/ Matavimo vienetas: -S\u0117kming\u0173 bendruomen\u0117s \u012fmoni\u0173 gerosios praktikos pavyzd\u017ei\u0173 identifikavimas ir apm\u0105stymas bei j\u0173 kritini\u0173 s\u0117km\u0117s veiksni\u0173 nustatymas.<\/li><li>2 tikslas: suteikti besimokantiesiems galimyb\u0119 \u012fgalinti marginalizuotas grupes ir nepalankioje pad\u0117tyje esan\u010dias vietoves, suteikiant jiems geb\u0117jim\u0173 kurti gerov\u0119 ir skatinti socialin\u0119 \u012ftraukt\u012f, ypa\u010d tiems, kuriems sunkiau sek\u0117si \u012fsitraukti \u012f dominuojan\u010di\u0105 neoliberali\u0105 ir kapitalistin\u0119 rinkos sistem\u0105 \/ Matavimo vienetas: Bendruomen\u0117s vadovaujamos vietos pl\u0117tros ir bendruomen\u0117s valdom\u0173 \u012fmoni\u0173 s\u0105vok\u0173 pl\u0117tojimas ir tobulinimas bei besimokan\u010di\u0173j\u0173 \u017eini\u0173, \u012fg\u016bd\u017ei\u0173 ir kompetencijos gerinimas; taip pat \u012fgalinan\u010dios ir konsultacin\u0117s sistemos taikymas skatinant bendruomenes tapti \"versliomis\".<\/li><li>3 tikslas: Skatinti pilietin\u012f aktyvum\u0105 puosel\u0117jant bendruomeni\u0173 valdomas ir bendruomen\u0117ms priklausan\u010dias \u012fmones, skatinant asmenis prisiimti atsakomyb\u0119 u\u017e savo vietos ekonomik\u0105 ir bendradarbiauti kuriant tvarius socialini\u0173 ir ekonomini\u0173 problem\u0173 sprendimus.<\/li><li>4 tikslas: suteikti universitet\u0173 absolventams ir socialiniams inovatoriams galimyb\u0119 \u012fgalinti marginalizuotas grupes ir nepalankioje pad\u0117tyje esan\u010dias vietoves, suteikiant geb\u0117jim\u0173 kurti gerov\u0119 ir skatinti socialin\u0119 \u012ftraukt\u012f, ypa\u010d tiems, kuriems sunkiau sek\u0117si \u012fsitraukti \u012f dominuojan\u010di\u0105 neoliberali\u0105 ir kapitalistin\u0119 rinkos sistem\u0105 \/ Matavimo vienetas: Kurso programos ir susijusi\u0173 mokymo ir mokymosi i\u0161tekli\u0173 parengimas, daugiausia d\u0117mesio skiriant: bendruomen\u0117s \u012fmoni\u0173 modeliams ir (arba) metodams, vadovavimui, \u017emogi\u0161kiesiems i\u0161tekliams ir veiklos valdymui bendruomen\u0117s \u012fmon\u0117se, valdymui ir (arba) juridini\u0173 asmen\u0173 sistemoms bei finansams.<\/li><\/ul>\t\t\t\t\t\t\t\t<\/div>\n\t\t\t\t<\/div>\n\t\t\t\t<\/div>\n\t\t\t\t\t<\/div>\n\t\t\t\t<\/div>\n\t\t<div class=\"elementor-element elementor-element-9913187 e-flex e-con-boxed e-con e-parent\" data-id=\"9913187\" data-element_type=\"container\" data-e-type=\"container\" data-settings=\"{&quot;background_background&quot;:&quot;classic&quot;}\">\n\t\t\t\t\t<div class=\"e-con-inner\">\n\t\t<div class=\"elementor-element elementor-element-0f074f2 e-con-full e-flex e-con e-child\" data-id=\"0f074f2\" data-element_type=\"container\" data-e-type=\"container\">\n\t\t\t\t<div class=\"elementor-element elementor-element-c2230aa elementor-widget elementor-widget-heading\" data-id=\"c2230aa\" data-element_type=\"widget\" data-e-type=\"widget\" data-widget_type=\"heading.default\">\n\t\t\t\t<div class=\"elementor-widget-container\">\n\t\t\t\t\t<h2 class=\"elementor-heading-title elementor-size-default\">Pasikalb\u0117kite su mumis<\/h2>\t\t\t\t<\/div>\n\t\t\t\t<\/div>\n\t\t\t\t<div class=\"elementor-element elementor-element-14b235b elementor-widget elementor-widget-text-editor\" data-id=\"14b235b\" data-element_type=\"widget\" data-e-type=\"widget\" data-widget_type=\"text-editor.default\">\n\t\t\t\t<div class=\"elementor-widget-container\">\n\t\t\t\t\t\t\t\t\t<p>Turite klausim\u0173? Visada esame pasireng\u0119 pasikalb\u0117ti apie savo versl\u0105, naujus projektus, k\u016brybines galimybes ir apie tai, kaip galime jums pad\u0117ti.<\/p>\t\t\t\t\t\t\t\t<\/div>\n\t\t\t\t<\/div>\n\t\t\t\t<div class=\"elementor-element elementor-element-4f55473 elementor-align-center elementor-widget elementor-widget-button\" data-id=\"4f55473\" data-element_type=\"widget\" data-e-type=\"widget\" data-widget_type=\"button.default\">\n\t\t\t\t<div class=\"elementor-widget-container\">\n\t\t\t\t\t\t\t\t\t<div class=\"elementor-button-wrapper\">\n\t\t\t\t\t<a class=\"elementor-button elementor-button-link elementor-size-sm\" href=\"https:\/\/pathfinder-plus.eu\/lt\/contact\/\" target=\"_blank\">\n\t\t\t\t\t\t<span class=\"elementor-button-content-wrapper\">\n\t\t\t\t\t\t\t\t\t<span class=\"elementor-button-text\">Susisiekite su mumis<\/span>\n\t\t\t\t\t<\/span>\n\t\t\t\t\t<\/a>\n\t\t\t\t<\/div>\n\t\t\t\t\t\t\t\t<\/div>\n\t\t\t\t<\/div>\n\t\t\t\t<\/div>\n\t\t\t\t\t<\/div>\n\t\t\t\t<\/div>\n\t\t\t\t<\/div>","protected":false},"excerpt":{"rendered":"<p>Project Objectives Project Objectives The objectives of designing a project as a digital learning repository in HED for Enterprise Community developing, aiming at developing a blended learning educational program and associated teaching\/learning resources for higher education institutions, accrediting agencies, and social entrepreneurs\/innovators on the innovative topic of community enterprise development are: Objective 1: To provide [&hellip;]<\/p>\n","protected":false},"author":2,"featured_media":0,"parent":0,"menu_order":0,"comment_status":"closed","ping_status":"closed","template":"","meta":{"site-sidebar-layout":"no-sidebar","site-content-layout":"page-builder","ast-site-content-layout":"full-width-container","site-content-style":"unboxed","site-sidebar-style":"unboxed","ast-global-header-display":"","ast-banner-title-visibility":"","ast-main-header-display":"","ast-hfb-above-header-display":"","ast-hfb-below-header-display":"","ast-hfb-mobile-header-display":"","site-post-title":"disabled","ast-breadcrumbs-content":"","ast-featured-img":"disabled","footer-sml-layout":"","theme-transparent-header-meta":"enabled","adv-header-id-meta":"","stick-header-meta":"","header-above-stick-meta":"","header-main-stick-meta":"","header-below-stick-meta":"","astra-migrate-meta-layouts":"set","ast-page-background-enabled":"default","ast-page-background-meta":{"desktop":{"background-color":"var(--ast-global-color-4)","background-image":"","background-repeat":"repeat","background-position":"center center","background-size":"auto","background-attachment":"scroll","background-type":"","background-media":"","overlay-type":"","overlay-color":"","overlay-opacity":"","overlay-gradient":""},"tablet":{"background-color":"","background-image":"","background-repeat":"repeat","background-position":"center center","background-size":"auto","background-attachment":"scroll","background-type":"","background-media":"","overlay-type":"","overlay-color":"","overlay-opacity":"","overlay-gradient":""},"mobile":{"background-color":"","background-image":"","background-repeat":"repeat","background-position":"center center","background-size":"auto","background-attachment":"scroll","background-type":"","background-media":"","overlay-type":"","overlay-color":"","overlay-opacity":"","overlay-gradient":""}},"ast-content-background-meta":{"desktop":{"background-color":"var(--ast-global-color-5)","background-image":"","background-repeat":"repeat","background-position":"center center","background-size":"auto","background-attachment":"scroll","background-type":"","background-media":"","overlay-type":"","overlay-color":"","overlay-opacity":"","overlay-gradient":""},"tablet":{"background-color":"var(--ast-global-color-5)","background-image":"","background-repeat":"repeat","background-position":"center center","background-size":"auto","background-attachment":"scroll","background-type":"","background-media":"","overlay-type":"","overlay-color":"","overlay-opacity":"","overlay-gradient":""},"mobile":{"background-color":"var(--ast-global-color-5)","background-image":"","background-repeat":"repeat","background-position":"center center","background-size":"auto","background-attachment":"scroll","background-type":"","background-media":"","overlay-type":"","overlay-color":"","overlay-opacity":"","overlay-gradient":""}},"footnotes":""},"class_list":["post-1848","page","type-page","status-publish","hentry"],"_links":{"self":[{"href":"https:\/\/pathfinder-plus.eu\/lt\/wp-json\/wp\/v2\/pages\/1848","targetHints":{"allow":["GET"]}}],"collection":[{"href":"https:\/\/pathfinder-plus.eu\/lt\/wp-json\/wp\/v2\/pages"}],"about":[{"href":"https:\/\/pathfinder-plus.eu\/lt\/wp-json\/wp\/v2\/types\/page"}],"author":[{"embeddable":true,"href":"https:\/\/pathfinder-plus.eu\/lt\/wp-json\/wp\/v2\/users\/2"}],"replies":[{"embeddable":true,"href":"https:\/\/pathfinder-plus.eu\/lt\/wp-json\/wp\/v2\/comments?post=1848"}],"version-history":[{"count":34,"href":"https:\/\/pathfinder-plus.eu\/lt\/wp-json\/wp\/v2\/pages\/1848\/revisions"}],"predecessor-version":[{"id":5956,"href":"https:\/\/pathfinder-plus.eu\/lt\/wp-json\/wp\/v2\/pages\/1848\/revisions\/5956"}],"wp:attachment":[{"href":"https:\/\/pathfinder-plus.eu\/lt\/wp-json\/wp\/v2\/media?parent=1848"}],"curies":[{"name":"wp","href":"https:\/\/api.w.org\/{rel}","templated":true}]}}