{"id":2172,"date":"2025-04-17T13:18:07","date_gmt":"2025-04-17T13:18:07","guid":{"rendered":"https:\/\/pathfinder-plus.eu\/?page_id=2172"},"modified":"2026-03-09T12:55:35","modified_gmt":"2026-03-09T12:55:35","slug":"about","status":"publish","type":"page","link":"https:\/\/pathfinder-plus.eu\/lt\/about\/","title":{"rendered":"Apie"},"content":{"rendered":"<div data-elementor-type=\"wp-page\" data-elementor-id=\"2172\" class=\"elementor elementor-2172\">\n\t\t\t\t<div class=\"elementor-element elementor-element-4094ee7 e-flex e-con-boxed e-con e-parent\" data-id=\"4094ee7\" data-element_type=\"container\" data-e-type=\"container\" data-settings=\"{&quot;background_background&quot;:&quot;classic&quot;}\">\n\t\t\t\t\t<div class=\"e-con-inner\">\n\t\t<div class=\"elementor-element elementor-element-8695738 e-con-full e-flex e-con e-child\" data-id=\"8695738\" data-element_type=\"container\" data-e-type=\"container\">\n\t\t\t\t<div class=\"elementor-element elementor-element-2646c9c elementor-widget elementor-widget-heading\" data-id=\"2646c9c\" data-element_type=\"widget\" data-e-type=\"widget\" data-widget_type=\"heading.default\">\n\t\t\t\t<div class=\"elementor-widget-container\">\n\t\t\t\t\t<h1 class=\"elementor-heading-title elementor-size-default\">Kas mes esame?<\/h1>\t\t\t\t<\/div>\n\t\t\t\t<\/div>\n\t\t\t\t<\/div>\n\t\t\t\t\t<\/div>\n\t\t\t\t<\/div>\n\t\t<div class=\"elementor-element elementor-element-e90f62c e-flex e-con-boxed e-con e-parent\" data-id=\"e90f62c\" data-element_type=\"container\" data-e-type=\"container\">\n\t\t\t\t\t<div class=\"e-con-inner\">\n\t\t<div class=\"elementor-element elementor-element-b29abee e-con-full e-flex e-con e-child\" data-id=\"b29abee\" data-element_type=\"container\" data-e-type=\"container\">\n\t\t\t\t<div class=\"elementor-element elementor-element-f095111 elementor-widget elementor-widget-heading\" data-id=\"f095111\" data-element_type=\"widget\" data-e-type=\"widget\" data-widget_type=\"heading.default\">\n\t\t\t\t<div class=\"elementor-widget-container\">\n\t\t\t\t\t<h2 class=\"elementor-heading-title elementor-size-default\">M\u016bs\u0173 misija<\/h2>\t\t\t\t<\/div>\n\t\t\t\t<\/div>\n\t\t\t\t<div class=\"elementor-element elementor-element-5990b83 elementor-widget elementor-widget-text-editor\" data-id=\"5990b83\" data-element_type=\"widget\" data-e-type=\"widget\" data-widget_type=\"text-editor.default\">\n\t\t\t\t<div class=\"elementor-widget-container\">\n\t\t\t\t\t\t\t\t\t<p>Projektu PATHFINDER+ siekiama i\u0161siai\u0161kinti \u012fvairialypius motyvus, d\u0117l kuri\u0173 kuriama skaitmenin\u0117 mokymosi saugykla auk\u0161tosiose mokyklose, skirta \u012fmoni\u0173 bendruomeni\u0173 pl\u0117trai, ypating\u0105 d\u0117mes\u012f skiriant bendruomeni\u0173 \u012fmoni\u0173 pl\u0117trai. Pirma, kuriant mi\u0161riojo mokymosi mokymo program\u0105 ir susijusius i\u0161teklius, projektu siekiama sukurti visapusi\u0161k\u0105 ir prieinam\u0105 \u0161vietimo pasi\u016blym\u0105, kuris atitikt\u0173 \u012fvairius besimokan\u010di\u0173j\u0173, \u012fskaitant auk\u0161tojo mokslo institucijas, akreditavimo agent\u016bras ir socialinius verslininkus \/ novatorius, poreikius. Antra, projektu siekiama skatinti bendruomen\u0117s valdom\u0173 ir bendruomen\u0117s valdom\u0173 \u012fmoni\u0173 k\u016brim\u0105si kaip priemon\u0119, skatinan\u010di\u0105 pilietin\u012f aktyvum\u0105 ir \u012fgalinan\u010di\u0105 asmenis prisiimti atsakomyb\u0119 u\u017e savo vietos ekonomik\u0105. Toks po\u017ei\u016bris skatina bendradarbiavim\u0105 ir tvarum\u0105 sprend\u017eiant socialines ir ekonomines problemas. Be to, \u012fgyvendinant PATHFINDER+ projekt\u0105 \u012fgytos \u017einios, \u012fg\u016bd\u017eiai ir kompetencijos gali \u012fgalinti universitet\u0173 absolventus ir socialini\u0173 inovacij\u0173 k\u016br\u0117jus spr\u0119sti marginalizuot\u0173 grupi\u0173 ir nepalankioje pad\u0117tyje esan\u010di\u0173 vietovi\u0173 poreikius. Suteikdamas besimokantiesiems reikiam\u0173 priemoni\u0173, kad jie gal\u0117t\u0173 kurti gerov\u0119 ir skatinti socialin\u0119 \u012ftraukt\u012f, ypa\u010d tiems, kurie tradicin\u0117se rinkos sistemose buvo marginalizuoti, projektas prisideda prie \u012ftraukesni\u0173 ir tvaresni\u0173 bendruomeni\u0173 k\u016brimo.<\/p><p><br \/>Projekto dizainas paremtas keturiais pagrindiniais rams\u010diais: mastelio keitimu, prieiga, pritaikymu ir bendradarbiavimu. \u0160ie rams\u010diai leid\u017eia sukurti skaitmenin\u0119 mokymosi saugykl\u0105, galin\u010di\u0105 sutalpinti daugyb\u0119 \u0161vietimo i\u0161tekli\u0173, prieinam\u0173 i\u0161 bet kurios vietos ir bet kuriuo metu. Individualiems ar grup\u0117s poreikiams pritaikyti mokymosi keliai skatina \u012ftraukt\u012f ir \u012fsitraukim\u0105, o besimokan\u010di\u0173j\u0173 ir ekspert\u0173 bendradarbiavimas skatina bendruomeni\u0161kumo ir dalijimosi \u017einiomis jausm\u0105 \u012fmon\u0117s bendruomen\u0117je. Projekto PATHFINDER+ u\u017edaviniai yra apibr\u0117\u017eti, kad b\u016bt\u0173 pasiekti svarbiausi jo tikslai. Tarp j\u0173 - teikti i\u0161sami\u0105 \u0161vietimo pasi\u016bl\u0105 apie bendruomen\u0117s \u012fmoni\u0173 pl\u0117tr\u0105, suteikti besimokantiesiems galimyb\u0119 kurti tvarius sprendimus, skatinti pilietin\u012f aktyvum\u0105 per bendruomen\u0117s valdomas \u012fmones ir suteikti universitet\u0173 absolventams bei socialiniams inovatoriams \u012fg\u016bd\u017ei\u0173, kurie leist\u0173 veiksmingai spr\u0119sti visuomen\u0117s problemas.<\/p>\t\t\t\t\t\t\t\t<\/div>\n\t\t\t\t<\/div>\n\t\t\t\t<div class=\"elementor-element elementor-element-62cae30 elementor-widget elementor-widget-heading\" data-id=\"62cae30\" data-element_type=\"widget\" data-e-type=\"widget\" data-widget_type=\"heading.default\">\n\t\t\t\t<div class=\"elementor-widget-container\">\n\t\t\t\t\t<h2 class=\"elementor-heading-title elementor-size-default\">Projektas skirtas trims pagrindin\u0117ms grup\u0117ms:<\/h2>\t\t\t\t<\/div>\n\t\t\t\t<\/div>\n\t\t\t\t<div class=\"elementor-element elementor-element-0a97a4c elementor-widget elementor-widget-text-editor\" data-id=\"0a97a4c\" data-element_type=\"widget\" data-e-type=\"widget\" data-widget_type=\"text-editor.default\">\n\t\t\t\t<div class=\"elementor-widget-container\">\n\t\t\t\t\t\t\t\t\t<ul><li class=\"translation-block\"><b>1. Auk\u0161tojo mokslo institucijos ir studentai: <\/b>Projekto tikslas - sukurti mi\u0161riojo mokymosi mokymo program\u0105 ir susijusius mokymo ir mokymosi i\u0161teklius, pritaikytus auk\u0161tojo mokslo \u012fstaigoms. \u0160iais i\u0161tekliais siekiama pagilinti student\u0173, besidomin\u010di\u0173 bendruomen\u0117s \u012fmoni\u0173 pl\u0117tra ir socialiniu verslumu, \u017einias, \u012fg\u016bd\u017eius ir kompetencijas. Suteikus studentams \u0161i\u0173 geb\u0117jim\u0173, projektu siekiama \u012fgalinti juos teigiamai prisid\u0117ti prie savo bendruomeni\u0173, skatinti socialin\u0119 \u012ftraukt\u012f ir pilietin\u012f aktyvum\u0105.<\/li><li><b>2. Akreditavimo agent\u016bros<\/b>: PATHFINDER+ tikslas - sukurti skaitmenini\u0173 mokymosi i\u0161tekli\u0173 saugykl\u0105, kuria gal\u0117t\u0173 naudotis akreditavimo agent\u016bros, siekdamos u\u017etikrinti auk\u0161tojo mokslo institucij\u0173 teikiamo \u0161vietimo ir mokymo kokyb\u0119 bendruomeni\u0173 \u012fmoni\u0173 pl\u0117tros srityje. \u0160ie i\u0161tekliai leis akreditavimo agent\u016broms nustatyti ir apm\u0105styti s\u0117kming\u0173 bendruomen\u0117s \u012fmoni\u0173 geriausi\u0105 praktik\u0105, taip pagerinant akreditavimo proces\u0105 ir skatinant tobulinti \u0161vietim\u0105.<\/li><li class=\"translation-block\">Projektas skirtas socialiniams verslininkams ir inovatoriams, suteikiant jiems \u017eini\u0173, \u012fg\u016bd\u017ei\u0173 ir kompetencij\u0173, b\u016btin\u0173 siekiant suteikti gali\u0173 marginalizuotoms grup\u0117ms ir nepalankioje pad\u0117tyje esan\u010dioms vietov\u0117ms. Parengus i\u0161sami\u0105 kurs\u0173 program\u0105 ir susijusius mokymo ir mokymosi i\u0161teklius, kuriuose daugiausia d\u0117mesio skiriama bendruomen\u0117s \u012fmoni\u0173 modeliams, lyderystei, \u017emogi\u0161kiesiems i\u0161tekliams ir veiklos valdymui, socialiniai verslininkai ir novatoriai gali veiksmingai spr\u0119sti socialines ir ekonomines problemas. Tai \u012fgalina juos kurti gerov\u0119 ir skatinti socialin\u0119 \u012ftraukt\u012f, ypa\u010d tarp t\u0173, kurie \u012fprastin\u0117se rinkos sistemose atsid\u016br\u0117 nuo\u0161alyje.<\/li><\/ul>\t\t\t\t\t\t\t\t<\/div>\n\t\t\t\t<\/div>\n\t\t\t\t<\/div>\n\t\t\t\t\t<\/div>\n\t\t\t\t<\/div>\n\t\t<div class=\"elementor-element elementor-element-9913187 e-flex e-con-boxed e-con e-parent\" data-id=\"9913187\" data-element_type=\"container\" data-e-type=\"container\" data-settings=\"{&quot;background_background&quot;:&quot;classic&quot;}\">\n\t\t\t\t\t<div class=\"e-con-inner\">\n\t\t<div class=\"elementor-element elementor-element-0f074f2 e-con-full e-flex e-con e-child\" data-id=\"0f074f2\" data-element_type=\"container\" data-e-type=\"container\">\n\t\t\t\t<div class=\"elementor-element elementor-element-c2230aa elementor-widget elementor-widget-heading\" data-id=\"c2230aa\" data-element_type=\"widget\" data-e-type=\"widget\" data-widget_type=\"heading.default\">\n\t\t\t\t<div class=\"elementor-widget-container\">\n\t\t\t\t\t<h2 class=\"elementor-heading-title elementor-size-default\">Pasikalb\u0117kite su mumis<\/h2>\t\t\t\t<\/div>\n\t\t\t\t<\/div>\n\t\t\t\t<div class=\"elementor-element elementor-element-14b235b elementor-widget elementor-widget-text-editor\" data-id=\"14b235b\" data-element_type=\"widget\" data-e-type=\"widget\" data-widget_type=\"text-editor.default\">\n\t\t\t\t<div class=\"elementor-widget-container\">\n\t\t\t\t\t\t\t\t\t<p>Turite klausim\u0173? Visada esame pasireng\u0119 pasikalb\u0117ti apie savo versl\u0105, naujus projektus, k\u016brybines galimybes ir apie tai, kaip galime jums pad\u0117ti.<\/p>\t\t\t\t\t\t\t\t<\/div>\n\t\t\t\t<\/div>\n\t\t\t\t<div class=\"elementor-element elementor-element-4f55473 elementor-align-center elementor-widget elementor-widget-button\" data-id=\"4f55473\" data-element_type=\"widget\" data-e-type=\"widget\" data-widget_type=\"button.default\">\n\t\t\t\t<div class=\"elementor-widget-container\">\n\t\t\t\t\t\t\t\t\t<div class=\"elementor-button-wrapper\">\n\t\t\t\t\t<a class=\"elementor-button elementor-button-link elementor-size-sm\" href=\"https:\/\/pathfinder-plus.eu\/lt\/contact\/\" target=\"_blank\">\n\t\t\t\t\t\t<span class=\"elementor-button-content-wrapper\">\n\t\t\t\t\t\t\t\t\t<span class=\"elementor-button-text\">Susisiekite su mumis<\/span>\n\t\t\t\t\t<\/span>\n\t\t\t\t\t<\/a>\n\t\t\t\t<\/div>\n\t\t\t\t\t\t\t\t<\/div>\n\t\t\t\t<\/div>\n\t\t\t\t<\/div>\n\t\t\t\t\t<\/div>\n\t\t\t\t<\/div>\n\t\t\t\t<\/div>","protected":false},"excerpt":{"rendered":"<p>Who are we? Our Mission The PATHFINDER+ Project aims to address the multifaceted motivations behind designing a digital learning repository in Higher Education (HED) for Enterprise Community development, with a particular focus on community enterprise development. Firstly, by developing a blended learning educational programme and associated resources, the project seeks to create a comprehensive and [&hellip;]<\/p>\n","protected":false},"author":2,"featured_media":0,"parent":0,"menu_order":0,"comment_status":"closed","ping_status":"closed","template":"","meta":{"site-sidebar-layout":"no-sidebar","site-content-layout":"page-builder","ast-site-content-layout":"full-width-container","site-content-style":"unboxed","site-sidebar-style":"unboxed","ast-global-header-display":"","ast-banner-title-visibility":"","ast-main-header-display":"","ast-hfb-above-header-display":"","ast-hfb-below-header-display":"","ast-hfb-mobile-header-display":"","site-post-title":"disabled","ast-breadcrumbs-content":"","ast-featured-img":"disabled","footer-sml-layout":"","theme-transparent-header-meta":"enabled","adv-header-id-meta":"","stick-header-meta":"","header-above-stick-meta":"","header-main-stick-meta":"","header-below-stick-meta":"","astra-migrate-meta-layouts":"set","ast-page-background-enabled":"default","ast-page-background-meta":{"desktop":{"background-color":"var(--ast-global-color-4)","background-image":"","background-repeat":"repeat","background-position":"center center","background-size":"auto","background-attachment":"scroll","background-type":"","background-media":"","overlay-type":"","overlay-color":"","overlay-opacity":"","overlay-gradient":""},"tablet":{"background-color":"","background-image":"","background-repeat":"repeat","background-position":"center center","background-size":"auto","background-attachment":"scroll","background-type":"","background-media":"","overlay-type":"","overlay-color":"","overlay-opacity":"","overlay-gradient":""},"mobile":{"background-color":"","background-image":"","background-repeat":"repeat","background-position":"center center","background-size":"auto","background-attachment":"scroll","background-type":"","background-media":"","overlay-type":"","overlay-color":"","overlay-opacity":"","overlay-gradient":""}},"ast-content-background-meta":{"desktop":{"background-color":"var(--ast-global-color-5)","background-image":"","background-repeat":"repeat","background-position":"center center","background-size":"auto","background-attachment":"scroll","background-type":"","background-media":"","overlay-type":"","overlay-color":"","overlay-opacity":"","overlay-gradient":""},"tablet":{"background-color":"var(--ast-global-color-5)","background-image":"","background-repeat":"repeat","background-position":"center center","background-size":"auto","background-attachment":"scroll","background-type":"","background-media":"","overlay-type":"","overlay-color":"","overlay-opacity":"","overlay-gradient":""},"mobile":{"background-color":"var(--ast-global-color-5)","background-image":"","background-repeat":"repeat","background-position":"center center","background-size":"auto","background-attachment":"scroll","background-type":"","background-media":"","overlay-type":"","overlay-color":"","overlay-opacity":"","overlay-gradient":""}},"footnotes":""},"class_list":["post-2172","page","type-page","status-publish","hentry"],"_links":{"self":[{"href":"https:\/\/pathfinder-plus.eu\/lt\/wp-json\/wp\/v2\/pages\/2172","targetHints":{"allow":["GET"]}}],"collection":[{"href":"https:\/\/pathfinder-plus.eu\/lt\/wp-json\/wp\/v2\/pages"}],"about":[{"href":"https:\/\/pathfinder-plus.eu\/lt\/wp-json\/wp\/v2\/types\/page"}],"author":[{"embeddable":true,"href":"https:\/\/pathfinder-plus.eu\/lt\/wp-json\/wp\/v2\/users\/2"}],"replies":[{"embeddable":true,"href":"https:\/\/pathfinder-plus.eu\/lt\/wp-json\/wp\/v2\/comments?post=2172"}],"version-history":[{"count":5,"href":"https:\/\/pathfinder-plus.eu\/lt\/wp-json\/wp\/v2\/pages\/2172\/revisions"}],"predecessor-version":[{"id":5717,"href":"https:\/\/pathfinder-plus.eu\/lt\/wp-json\/wp\/v2\/pages\/2172\/revisions\/5717"}],"wp:attachment":[{"href":"https:\/\/pathfinder-plus.eu\/lt\/wp-json\/wp\/v2\/media?parent=2172"}],"curies":[{"name":"wp","href":"https:\/\/api.w.org\/{rel}","templated":true}]}}